{"id":7022,"date":"2023-05-05T10:37:36","date_gmt":"2023-05-05T10:37:36","guid":{"rendered":"https:\/\/saesoteria.com\/newmain\/?post_type=product&#038;p=7022"},"modified":"2023-05-05T10:37:53","modified_gmt":"2023-05-05T10:37:53","slug":"harjunpaa-ja-pahan-pappi-matti-yrjana-joensuu","status":"publish","type":"product","link":"https:\/\/saesoteria.com\/newmain\/tuote\/harjunpaa-ja-pahan-pappi-matti-yrjana-joensuu\/","title":{"rendered":"Harjunp\u00e4\u00e4 ja pahan pappi, Matti Yrj\u00e4n\u00e4 Joensuu"},"content":{"rendered":"","protected":false},"excerpt":{"rendered":"<p>Tekij\u00e4:Matti Yrj\u00e4n\u00e4 Joensuu<br \/>\nKustantaja:Seven<br \/>\nKieli:suomi<br \/>\nPainovuosi:2010<br \/>\nPainos:3.p.<br \/>\nSivum\u00e4\u00e4r\u00e4:380s.<br \/>\nSidonta:nidottu<br \/>\nKunto:K3 (K5=uusi, K4=erinomainen, K3=hyv\u00e4, K2=tyydytt\u00e4v\u00e4, K1=kehno)<\/p>\n","protected":false},"featured_media":6979,"comment_status":"closed","ping_status":"closed","template":"","meta":[],"product_brand":[],"product_cat":[8,14],"product_tag":[],"class_list":{"0":"post-7022","1":"product","2":"type-product","3":"status-publish","4":"has-post-thumbnail","6":"product_cat-pokkarit","7":"product_cat-rikoskirjallisuus","9":"first","10":"instock","11":"taxable","12":"shipping-taxable","13":"purchasable","14":"product-type-simple","15":"berocket_lgv_grid","16":"berocket_lgv_list_grid"},"_links":{"self":[{"href":"https:\/\/saesoteria.com\/newmain\/wp-json\/wp\/v2\/product\/7022","targetHints":{"allow":["GET"]}}],"collection":[{"href":"https:\/\/saesoteria.com\/newmain\/wp-json\/wp\/v2\/product"}],"about":[{"href":"https:\/\/saesoteria.com\/newmain\/wp-json\/wp\/v2\/types\/product"}],"replies":[{"embeddable":true,"href":"https:\/\/saesoteria.com\/newmain\/wp-json\/wp\/v2\/comments?post=7022"}],"wp:featuredmedia":[{"embeddable":true,"href":"https:\/\/saesoteria.com\/newmain\/wp-json\/wp\/v2\/media\/6979"}],"wp:attachment":[{"href":"https:\/\/saesoteria.com\/newmain\/wp-json\/wp\/v2\/media?parent=7022"}],"wp:term":[{"taxonomy":"product_brand","embeddable":true,"href":"https:\/\/saesoteria.com\/newmain\/wp-json\/wp\/v2\/product_brand?post=7022"},{"taxonomy":"product_cat","embeddable":true,"href":"https:\/\/saesoteria.com\/newmain\/wp-json\/wp\/v2\/product_cat?post=7022"},{"taxonomy":"product_tag","embeddable":true,"href":"https:\/\/saesoteria.com\/newmain\/wp-json\/wp\/v2\/product_tag?post=7022"}],"curies":[{"name":"wp","href":"https:\/\/api.w.org\/{rel}","templated":true}]}}