{"id":7013,"date":"2023-05-05T08:58:53","date_gmt":"2023-05-05T08:58:53","guid":{"rendered":"https:\/\/saesoteria.com\/newmain\/?post_type=product&#038;p=7013"},"modified":"2023-05-05T08:59:14","modified_gmt":"2023-05-05T08:59:14","slug":"pelko-tulee-hiipimalla-leigh-nichols","status":"publish","type":"product","link":"https:\/\/saesoteria.com\/newmain\/tuote\/pelko-tulee-hiipimalla-leigh-nichols\/","title":{"rendered":"Pelko tulee hiipim\u00e4ll\u00e4, Leigh Nichols"},"content":{"rendered":"","protected":false},"excerpt":{"rendered":"<p>Tekij\u00e4:Leigh Nichols<br \/>\nKustantaja:Viihdeviikarit Oy<br \/>\nKieli:suomi<br \/>\nPainovuosi:1989<br \/>\nPainos:<br \/>\nSivum\u00e4\u00e4r\u00e4:253s.<br \/>\nSidonta:nidottu<br \/>\nKunto: K3 (K5=uusi, K4=erinomainen, K3=hyv\u00e4, K2=tyydytt\u00e4v\u00e4, K1=kehno)<\/p>\n","protected":false},"featured_media":7004,"comment_status":"closed","ping_status":"closed","template":"","meta":[],"product_brand":[],"product_cat":[69],"product_tag":[],"class_list":{"0":"post-7013","1":"product","2":"type-product","3":"status-publish","4":"has-post-thumbnail","6":"product_cat-kauhu-kirjat","8":"first","9":"instock","10":"taxable","11":"shipping-taxable","12":"purchasable","13":"product-type-simple","14":"berocket_lgv_grid","15":"berocket_lgv_list_grid"},"_links":{"self":[{"href":"https:\/\/saesoteria.com\/newmain\/wp-json\/wp\/v2\/product\/7013","targetHints":{"allow":["GET"]}}],"collection":[{"href":"https:\/\/saesoteria.com\/newmain\/wp-json\/wp\/v2\/product"}],"about":[{"href":"https:\/\/saesoteria.com\/newmain\/wp-json\/wp\/v2\/types\/product"}],"replies":[{"embeddable":true,"href":"https:\/\/saesoteria.com\/newmain\/wp-json\/wp\/v2\/comments?post=7013"}],"wp:featuredmedia":[{"embeddable":true,"href":"https:\/\/saesoteria.com\/newmain\/wp-json\/wp\/v2\/media\/7004"}],"wp:attachment":[{"href":"https:\/\/saesoteria.com\/newmain\/wp-json\/wp\/v2\/media?parent=7013"}],"wp:term":[{"taxonomy":"product_brand","embeddable":true,"href":"https:\/\/saesoteria.com\/newmain\/wp-json\/wp\/v2\/product_brand?post=7013"},{"taxonomy":"product_cat","embeddable":true,"href":"https:\/\/saesoteria.com\/newmain\/wp-json\/wp\/v2\/product_cat?post=7013"},{"taxonomy":"product_tag","embeddable":true,"href":"https:\/\/saesoteria.com\/newmain\/wp-json\/wp\/v2\/product_tag?post=7013"}],"curies":[{"name":"wp","href":"https:\/\/api.w.org\/{rel}","templated":true}]}}