{"id":6952,"date":"2023-02-18T10:59:37","date_gmt":"2023-02-18T10:59:37","guid":{"rendered":"https:\/\/saesoteria.com\/newmain\/?post_type=product&#038;p=6952"},"modified":"2023-02-18T10:59:55","modified_gmt":"2023-02-18T10:59:55","slug":"murhahuone-p-d-james","status":"publish","type":"product","link":"https:\/\/saesoteria.com\/newmain\/tuote\/murhahuone-p-d-james\/","title":{"rendered":"Murhahuone, P. D. James"},"content":{"rendered":"","protected":false},"excerpt":{"rendered":"<p>Tekij\u00e4:P. D. James<br \/>\nKustantaja:Seven<br \/>\nKieli:suomi<br \/>\nPainovuosi:2011<br \/>\nPainos:<br \/>\nSivum\u00e4\u00e4r\u00e4:527s.<br \/>\nSidonta:nidottu<br \/>\nKunto:K4 (K5=uusi, K4=erinomainen, K3=hyv\u00e4, K2=tyydytt\u00e4v\u00e4, K1=kehno)<\/p>\n","protected":false},"featured_media":6934,"comment_status":"closed","ping_status":"closed","template":"","meta":[],"product_brand":[],"product_cat":[8,14],"product_tag":[],"class_list":{"0":"post-6952","1":"product","2":"type-product","3":"status-publish","4":"has-post-thumbnail","6":"product_cat-pokkarit","7":"product_cat-rikoskirjallisuus","9":"first","10":"instock","11":"taxable","12":"shipping-taxable","13":"purchasable","14":"product-type-simple","15":"berocket_lgv_grid","16":"berocket_lgv_list_grid"},"_links":{"self":[{"href":"https:\/\/saesoteria.com\/newmain\/wp-json\/wp\/v2\/product\/6952","targetHints":{"allow":["GET"]}}],"collection":[{"href":"https:\/\/saesoteria.com\/newmain\/wp-json\/wp\/v2\/product"}],"about":[{"href":"https:\/\/saesoteria.com\/newmain\/wp-json\/wp\/v2\/types\/product"}],"replies":[{"embeddable":true,"href":"https:\/\/saesoteria.com\/newmain\/wp-json\/wp\/v2\/comments?post=6952"}],"wp:featuredmedia":[{"embeddable":true,"href":"https:\/\/saesoteria.com\/newmain\/wp-json\/wp\/v2\/media\/6934"}],"wp:attachment":[{"href":"https:\/\/saesoteria.com\/newmain\/wp-json\/wp\/v2\/media?parent=6952"}],"wp:term":[{"taxonomy":"product_brand","embeddable":true,"href":"https:\/\/saesoteria.com\/newmain\/wp-json\/wp\/v2\/product_brand?post=6952"},{"taxonomy":"product_cat","embeddable":true,"href":"https:\/\/saesoteria.com\/newmain\/wp-json\/wp\/v2\/product_cat?post=6952"},{"taxonomy":"product_tag","embeddable":true,"href":"https:\/\/saesoteria.com\/newmain\/wp-json\/wp\/v2\/product_tag?post=6952"}],"curies":[{"name":"wp","href":"https:\/\/api.w.org\/{rel}","templated":true}]}}