{"id":6836,"date":"2022-09-24T09:50:49","date_gmt":"2022-09-24T09:50:49","guid":{"rendered":"http:\/\/saesoteria.com\/?post_type=product&#038;p=6836"},"modified":"2022-09-24T09:51:06","modified_gmt":"2022-09-24T09:51:06","slug":"its-all-about-love-dvd","status":"publish","type":"product","link":"https:\/\/saesoteria.com\/newmain\/tuote\/its-all-about-love-dvd\/","title":{"rendered":"It&#8217;s all about love (DVD)"},"content":{"rendered":"","protected":false},"excerpt":{"rendered":"<p>Laji:draama\/trilleri<br \/>\nTuotantovuosi:2002<br \/>\nPituus:1h 40min<br \/>\nKuntoluokitus (levy\/kannet):VG+\/VG+<br \/>\n(M- = uutta vastaava \/ VG+ = hyv\u00e4kuntoinen \/ VG = k\u00e4yt\u00f6st\u00e4 hieman j\u00e4lke\u00e4 \/ G = kulunut, mutta toimiva)<br \/>\nLis\u00e4tietoa elokuvasta saa  kirjoittamalla elokuvan nimen hakuun osoitteessa: www.imdb.com<\/p>\n","protected":false},"featured_media":6826,"comment_status":"closed","ping_status":"closed","template":"","meta":[],"product_brand":[],"product_cat":[37,29],"product_tag":[],"class_list":{"0":"post-6836","1":"product","2":"type-product","3":"status-publish","4":"has-post-thumbnail","6":"product_cat-draama","7":"product_cat-trilleri","9":"first","10":"instock","11":"taxable","12":"shipping-taxable","13":"purchasable","14":"product-type-simple","15":"berocket_lgv_grid","16":"berocket_lgv_list_grid"},"_links":{"self":[{"href":"https:\/\/saesoteria.com\/newmain\/wp-json\/wp\/v2\/product\/6836","targetHints":{"allow":["GET"]}}],"collection":[{"href":"https:\/\/saesoteria.com\/newmain\/wp-json\/wp\/v2\/product"}],"about":[{"href":"https:\/\/saesoteria.com\/newmain\/wp-json\/wp\/v2\/types\/product"}],"replies":[{"embeddable":true,"href":"https:\/\/saesoteria.com\/newmain\/wp-json\/wp\/v2\/comments?post=6836"}],"wp:featuredmedia":[{"embeddable":true,"href":"https:\/\/saesoteria.com\/newmain\/wp-json\/wp\/v2\/media\/6826"}],"wp:attachment":[{"href":"https:\/\/saesoteria.com\/newmain\/wp-json\/wp\/v2\/media?parent=6836"}],"wp:term":[{"taxonomy":"product_brand","embeddable":true,"href":"https:\/\/saesoteria.com\/newmain\/wp-json\/wp\/v2\/product_brand?post=6836"},{"taxonomy":"product_cat","embeddable":true,"href":"https:\/\/saesoteria.com\/newmain\/wp-json\/wp\/v2\/product_cat?post=6836"},{"taxonomy":"product_tag","embeddable":true,"href":"https:\/\/saesoteria.com\/newmain\/wp-json\/wp\/v2\/product_tag?post=6836"}],"curies":[{"name":"wp","href":"https:\/\/api.w.org\/{rel}","templated":true}]}}