{"id":6711,"date":"2022-07-28T09:13:27","date_gmt":"2022-07-28T09:13:27","guid":{"rendered":"http:\/\/saesoteria.com\/?post_type=product&#038;p=6711"},"modified":"2022-07-28T09:14:15","modified_gmt":"2022-07-28T09:14:15","slug":"suljettu-saari-dennis-lehane","status":"publish","type":"product","link":"https:\/\/saesoteria.com\/newmain\/tuote\/suljettu-saari-dennis-lehane\/","title":{"rendered":"Suljettu saari, Dennis Lehane"},"content":{"rendered":"","protected":false},"excerpt":{"rendered":"<p>Tekij\u00e4:Dennis Lehane<br \/>\nKustantaja:Tammi<br \/>\nKieli:suomi<br \/>\nPainovuosi:2009<br \/>\nPainos:<br \/>\nSivum\u00e4\u00e4r\u00e4:335s.<br \/>\nSidonta:nidottu<br \/>\nKunto:K4 (K5=uusi, K4=erinomainen, K3=hyv\u00e4, K2=tyydytt\u00e4v\u00e4, K1=kehno)<\/p>\n","protected":false},"featured_media":6682,"comment_status":"closed","ping_status":"closed","template":"","meta":[],"product_brand":[],"product_cat":[68,8],"product_tag":[],"class_list":{"0":"post-6711","1":"product","2":"type-product","3":"status-publish","4":"has-post-thumbnail","6":"product_cat-jannitys","7":"product_cat-pokkarit","9":"first","10":"instock","11":"taxable","12":"shipping-taxable","13":"purchasable","14":"product-type-simple","15":"berocket_lgv_grid","16":"berocket_lgv_list_grid"},"_links":{"self":[{"href":"https:\/\/saesoteria.com\/newmain\/wp-json\/wp\/v2\/product\/6711","targetHints":{"allow":["GET"]}}],"collection":[{"href":"https:\/\/saesoteria.com\/newmain\/wp-json\/wp\/v2\/product"}],"about":[{"href":"https:\/\/saesoteria.com\/newmain\/wp-json\/wp\/v2\/types\/product"}],"replies":[{"embeddable":true,"href":"https:\/\/saesoteria.com\/newmain\/wp-json\/wp\/v2\/comments?post=6711"}],"wp:featuredmedia":[{"embeddable":true,"href":"https:\/\/saesoteria.com\/newmain\/wp-json\/wp\/v2\/media\/6682"}],"wp:attachment":[{"href":"https:\/\/saesoteria.com\/newmain\/wp-json\/wp\/v2\/media?parent=6711"}],"wp:term":[{"taxonomy":"product_brand","embeddable":true,"href":"https:\/\/saesoteria.com\/newmain\/wp-json\/wp\/v2\/product_brand?post=6711"},{"taxonomy":"product_cat","embeddable":true,"href":"https:\/\/saesoteria.com\/newmain\/wp-json\/wp\/v2\/product_cat?post=6711"},{"taxonomy":"product_tag","embeddable":true,"href":"https:\/\/saesoteria.com\/newmain\/wp-json\/wp\/v2\/product_tag?post=6711"}],"curies":[{"name":"wp","href":"https:\/\/api.w.org\/{rel}","templated":true}]}}