{"id":6710,"date":"2022-07-28T09:08:44","date_gmt":"2022-07-28T09:08:44","guid":{"rendered":"http:\/\/saesoteria.com\/?post_type=product&#038;p=6710"},"modified":"2022-07-28T09:09:01","modified_gmt":"2022-07-28T09:09:01","slug":"positiivinen-nainen-gael-lindenfield","status":"publish","type":"product","link":"https:\/\/saesoteria.com\/newmain\/tuote\/positiivinen-nainen-gael-lindenfield\/","title":{"rendered":"Positiivinen nainen, Gael Lindenfield"},"content":{"rendered":"","protected":false},"excerpt":{"rendered":"<p>Tekij\u00e4:Gael Lindenfield<br \/>\nKustantaja:Gummerus<br \/>\nKieli:suomi<br \/>\nPainovuosi:1994<br \/>\nPainos:<br \/>\nSivum\u00e4\u00e4r\u00e4:239s.<br \/>\nSidonta:sidottu, kansipaperit<br \/>\nKunto: K3 (K5=uusi, K4=erinomainen, K3=hyv\u00e4, K2=tyydytt\u00e4v\u00e4, K1=kehno)<\/p>\n","protected":false},"featured_media":6686,"comment_status":"closed","ping_status":"closed","template":"","meta":[],"product_brand":[],"product_cat":[22],"product_tag":[],"class_list":{"0":"post-6710","1":"product","2":"type-product","3":"status-publish","4":"has-post-thumbnail","6":"product_cat-oppaat","8":"first","9":"instock","10":"taxable","11":"shipping-taxable","12":"purchasable","13":"product-type-simple","14":"berocket_lgv_grid","15":"berocket_lgv_list_grid"},"_links":{"self":[{"href":"https:\/\/saesoteria.com\/newmain\/wp-json\/wp\/v2\/product\/6710","targetHints":{"allow":["GET"]}}],"collection":[{"href":"https:\/\/saesoteria.com\/newmain\/wp-json\/wp\/v2\/product"}],"about":[{"href":"https:\/\/saesoteria.com\/newmain\/wp-json\/wp\/v2\/types\/product"}],"replies":[{"embeddable":true,"href":"https:\/\/saesoteria.com\/newmain\/wp-json\/wp\/v2\/comments?post=6710"}],"wp:featuredmedia":[{"embeddable":true,"href":"https:\/\/saesoteria.com\/newmain\/wp-json\/wp\/v2\/media\/6686"}],"wp:attachment":[{"href":"https:\/\/saesoteria.com\/newmain\/wp-json\/wp\/v2\/media?parent=6710"}],"wp:term":[{"taxonomy":"product_brand","embeddable":true,"href":"https:\/\/saesoteria.com\/newmain\/wp-json\/wp\/v2\/product_brand?post=6710"},{"taxonomy":"product_cat","embeddable":true,"href":"https:\/\/saesoteria.com\/newmain\/wp-json\/wp\/v2\/product_cat?post=6710"},{"taxonomy":"product_tag","embeddable":true,"href":"https:\/\/saesoteria.com\/newmain\/wp-json\/wp\/v2\/product_tag?post=6710"}],"curies":[{"name":"wp","href":"https:\/\/api.w.org\/{rel}","templated":true}]}}