{"id":6561,"date":"2022-05-06T07:52:25","date_gmt":"2022-05-06T07:52:25","guid":{"rendered":"http:\/\/saesoteria.com\/?post_type=product&#038;p=6561"},"modified":"2022-05-06T07:53:03","modified_gmt":"2022-05-06T07:53:03","slug":"kenka-linha-okeeffe","status":"publish","type":"product","link":"https:\/\/saesoteria.com\/newmain\/tuote\/kenka-linha-okeeffe\/","title":{"rendered":"Kenk\u00e4, Linha O&#8217;Keeffe"},"content":{"rendered":"","protected":false},"excerpt":{"rendered":"<p>Tekij\u00e4:Linda O&#8217;Keeffe<br \/>\nKustantaja:<br \/>\nKieli:suomi<br \/>\nPainovuosi:2000<br \/>\nPainos:<br \/>\nSivum\u00e4\u00e4r\u00e4:506s.<br \/>\nSidonta:nidottu<br \/>\nKunto:K3 (K5=uusi, K4=erinomainen, K3=hyv\u00e4, K2=tyydytt\u00e4v\u00e4, K1=kehno)<\/p>\n","protected":false},"featured_media":6532,"comment_status":"closed","ping_status":"closed","template":"","meta":[],"product_brand":[],"product_cat":[71],"product_tag":[],"class_list":{"0":"post-6561","1":"product","2":"type-product","3":"status-publish","4":"has-post-thumbnail","6":"product_cat-tietokirjallisuus","8":"first","9":"instock","10":"taxable","11":"shipping-taxable","12":"purchasable","13":"product-type-simple","14":"berocket_lgv_grid","15":"berocket_lgv_list_grid"},"_links":{"self":[{"href":"https:\/\/saesoteria.com\/newmain\/wp-json\/wp\/v2\/product\/6561","targetHints":{"allow":["GET"]}}],"collection":[{"href":"https:\/\/saesoteria.com\/newmain\/wp-json\/wp\/v2\/product"}],"about":[{"href":"https:\/\/saesoteria.com\/newmain\/wp-json\/wp\/v2\/types\/product"}],"replies":[{"embeddable":true,"href":"https:\/\/saesoteria.com\/newmain\/wp-json\/wp\/v2\/comments?post=6561"}],"wp:featuredmedia":[{"embeddable":true,"href":"https:\/\/saesoteria.com\/newmain\/wp-json\/wp\/v2\/media\/6532"}],"wp:attachment":[{"href":"https:\/\/saesoteria.com\/newmain\/wp-json\/wp\/v2\/media?parent=6561"}],"wp:term":[{"taxonomy":"product_brand","embeddable":true,"href":"https:\/\/saesoteria.com\/newmain\/wp-json\/wp\/v2\/product_brand?post=6561"},{"taxonomy":"product_cat","embeddable":true,"href":"https:\/\/saesoteria.com\/newmain\/wp-json\/wp\/v2\/product_cat?post=6561"},{"taxonomy":"product_tag","embeddable":true,"href":"https:\/\/saesoteria.com\/newmain\/wp-json\/wp\/v2\/product_tag?post=6561"}],"curies":[{"name":"wp","href":"https:\/\/api.w.org\/{rel}","templated":true}]}}