{"id":6429,"date":"2021-11-30T09:49:29","date_gmt":"2021-11-30T09:49:29","guid":{"rendered":"http:\/\/saesoteria.com\/?post_type=product&#038;p=6429"},"modified":"2021-11-30T09:50:20","modified_gmt":"2021-11-30T09:50:20","slug":"sita-kuusta-kuuleminen-heikki-valitalo","status":"publish","type":"product","link":"https:\/\/saesoteria.com\/newmain\/tuote\/sita-kuusta-kuuleminen-heikki-valitalo\/","title":{"rendered":"Sit\u00e4 kuusta kuuleminen, Heikki V\u00e4litalo"},"content":{"rendered":"","protected":false},"excerpt":{"rendered":"<p>Tekij\u00e4:Heikki V\u00e4litalo<br \/>\nKustantaja:RAK<br \/>\nKieli:suomi<br \/>\nPainovuosi:1999<br \/>\nPainos:<br \/>\nSivum\u00e4\u00e4r\u00e4:59s.<br \/>\nSidonta:sidottu, kuvakannet<br \/>\nKunto:K3 (K5=uusi, K4=erinomainen, K3=hyv\u00e4, K2=tyydytt\u00e4v\u00e4, K1=kehno)<\/p>\n","protected":false},"featured_media":6432,"comment_status":"closed","ping_status":"closed","template":"","meta":[],"product_brand":[],"product_cat":[22],"product_tag":[],"class_list":{"0":"post-6429","1":"product","2":"type-product","3":"status-publish","4":"has-post-thumbnail","6":"product_cat-oppaat","8":"first","9":"instock","10":"taxable","11":"shipping-taxable","12":"purchasable","13":"product-type-simple","14":"berocket_lgv_grid","15":"berocket_lgv_list_grid"},"_links":{"self":[{"href":"https:\/\/saesoteria.com\/newmain\/wp-json\/wp\/v2\/product\/6429","targetHints":{"allow":["GET"]}}],"collection":[{"href":"https:\/\/saesoteria.com\/newmain\/wp-json\/wp\/v2\/product"}],"about":[{"href":"https:\/\/saesoteria.com\/newmain\/wp-json\/wp\/v2\/types\/product"}],"replies":[{"embeddable":true,"href":"https:\/\/saesoteria.com\/newmain\/wp-json\/wp\/v2\/comments?post=6429"}],"wp:featuredmedia":[{"embeddable":true,"href":"https:\/\/saesoteria.com\/newmain\/wp-json\/wp\/v2\/media\/6432"}],"wp:attachment":[{"href":"https:\/\/saesoteria.com\/newmain\/wp-json\/wp\/v2\/media?parent=6429"}],"wp:term":[{"taxonomy":"product_brand","embeddable":true,"href":"https:\/\/saesoteria.com\/newmain\/wp-json\/wp\/v2\/product_brand?post=6429"},{"taxonomy":"product_cat","embeddable":true,"href":"https:\/\/saesoteria.com\/newmain\/wp-json\/wp\/v2\/product_cat?post=6429"},{"taxonomy":"product_tag","embeddable":true,"href":"https:\/\/saesoteria.com\/newmain\/wp-json\/wp\/v2\/product_tag?post=6429"}],"curies":[{"name":"wp","href":"https:\/\/api.w.org\/{rel}","templated":true}]}}