{"id":6427,"date":"2021-11-30T09:43:04","date_gmt":"2021-11-30T09:43:04","guid":{"rendered":"http:\/\/saesoteria.com\/?post_type=product&#038;p=6427"},"modified":"2021-11-30T09:43:54","modified_gmt":"2021-11-30T09:43:54","slug":"kodasta-kuolaan-pertista-kerkaan-esa-koukkari","status":"publish","type":"product","link":"https:\/\/saesoteria.com\/newmain\/tuote\/kodasta-kuolaan-pertista-kerkaan-esa-koukkari\/","title":{"rendered":"Kodasta Kuolaan &#8211; Pertist\u00e4 Kerkaan, Esa Koukkari"},"content":{"rendered":"","protected":false},"excerpt":{"rendered":"<p>Tekij\u00e4:Esa Koukkari<br \/>\nKustantaja:Sarmala, RAK<br \/>\nKieli:suomi<br \/>\nPainovuosi:2003<br \/>\nPainos:<br \/>\nSivum\u00e4\u00e4r\u00e4:180s.<br \/>\nSidonta:nidottu<br \/>\nKunto: K3(K5=uusi, K4=erinomainen, K3=hyv\u00e4, K2=tyydytt\u00e4v\u00e4, K1=kehno)<\/p>\n","protected":false},"featured_media":6241,"comment_status":"closed","ping_status":"closed","template":"","meta":[],"product_brand":[],"product_cat":[19,74],"product_tag":[],"class_list":{"0":"post-6427","1":"product","2":"type-product","3":"status-publish","4":"has-post-thumbnail","6":"product_cat-historia","7":"product_cat-rakennustekniikka","9":"first","10":"instock","11":"taxable","12":"shipping-taxable","13":"purchasable","14":"product-type-simple","15":"berocket_lgv_grid","16":"berocket_lgv_list_grid"},"_links":{"self":[{"href":"https:\/\/saesoteria.com\/newmain\/wp-json\/wp\/v2\/product\/6427","targetHints":{"allow":["GET"]}}],"collection":[{"href":"https:\/\/saesoteria.com\/newmain\/wp-json\/wp\/v2\/product"}],"about":[{"href":"https:\/\/saesoteria.com\/newmain\/wp-json\/wp\/v2\/types\/product"}],"replies":[{"embeddable":true,"href":"https:\/\/saesoteria.com\/newmain\/wp-json\/wp\/v2\/comments?post=6427"}],"wp:featuredmedia":[{"embeddable":true,"href":"https:\/\/saesoteria.com\/newmain\/wp-json\/wp\/v2\/media\/6241"}],"wp:attachment":[{"href":"https:\/\/saesoteria.com\/newmain\/wp-json\/wp\/v2\/media?parent=6427"}],"wp:term":[{"taxonomy":"product_brand","embeddable":true,"href":"https:\/\/saesoteria.com\/newmain\/wp-json\/wp\/v2\/product_brand?post=6427"},{"taxonomy":"product_cat","embeddable":true,"href":"https:\/\/saesoteria.com\/newmain\/wp-json\/wp\/v2\/product_cat?post=6427"},{"taxonomy":"product_tag","embeddable":true,"href":"https:\/\/saesoteria.com\/newmain\/wp-json\/wp\/v2\/product_tag?post=6427"}],"curies":[{"name":"wp","href":"https:\/\/api.w.org\/{rel}","templated":true}]}}