{"id":6356,"date":"2021-09-29T12:28:22","date_gmt":"2021-09-29T12:28:22","guid":{"rendered":"http:\/\/saesoteria.com\/?post_type=product&#038;p=6356"},"modified":"2021-09-29T12:29:06","modified_gmt":"2021-09-29T12:29:06","slug":"suureen-maailmaan-ulla-lena-lundberg","status":"publish","type":"product","link":"https:\/\/saesoteria.com\/newmain\/tuote\/suureen-maailmaan-ulla-lena-lundberg\/","title":{"rendered":"Suureen maailmaan, Ulla-Lena Lundberg"},"content":{"rendered":"","protected":false},"excerpt":{"rendered":"<p class=\"Standard\" style=\"line-height: 18.0pt;\"><span style=\"font-family: 'Georgia\\, \\'Times New Roman\\'\\, \u027bi'; color: #333333;\">Tekij\u00e4:Ulla-Lena Lundberg<\/span><br \/><span style=\"font-family: 'Georgia\\, \\'Times New Roman\\'\\, \u027bi'; color: #333333;\">Kustantaja:Gummerus<\/span><br \/><span style=\"font-family: 'Georgia\\, \\'Times New Roman\\'\\, \u027bi'; color: #333333;\">Kieli:suomi<\/span><br \/><span style=\"font-family: 'Georgia\\, \\'Times New Roman\\'\\, \u027bi'; color: #333333;\">Painovuosi:2015<\/span><br \/><span style=\"font-family: 'Georgia\\, \\'Times New Roman\\'\\, \u027bi'; color: #333333;\">Painos:2.p.<\/span><br \/><span style=\"font-family: 'Georgia\\, \\'Times New Roman\\'\\, \u027bi'; color: #333333;\">Sivum\u00e4\u00e4r\u00e4:384s.<\/span><br \/><span style=\"font-family: 'Georgia\\, \\'Times New Roman\\'\\, \u027bi'; color: #333333;\">Sidonta:sidottu, kansipaperit<\/span><br \/><span style=\"font-family: 'Georgia\\, \\'Times New Roman\\'\\, \u027bi'; color: #333333;\">Kunto: K4(K5=uusi, K4=erinomainen, K3=hyv\u00e4, K2=tyydytt\u00e4v\u00e4, K1=kehno)<\/span><\/p>\n","protected":false},"featured_media":6289,"comment_status":"closed","ping_status":"closed","template":"","meta":[],"product_brand":[],"product_cat":[12],"product_tag":[],"class_list":{"0":"post-6356","1":"product","2":"type-product","3":"status-publish","4":"has-post-thumbnail","6":"product_cat-kaunokirjallisuus","8":"first","9":"instock","10":"taxable","11":"shipping-taxable","12":"purchasable","13":"product-type-simple","14":"berocket_lgv_grid","15":"berocket_lgv_list_grid"},"_links":{"self":[{"href":"https:\/\/saesoteria.com\/newmain\/wp-json\/wp\/v2\/product\/6356","targetHints":{"allow":["GET"]}}],"collection":[{"href":"https:\/\/saesoteria.com\/newmain\/wp-json\/wp\/v2\/product"}],"about":[{"href":"https:\/\/saesoteria.com\/newmain\/wp-json\/wp\/v2\/types\/product"}],"replies":[{"embeddable":true,"href":"https:\/\/saesoteria.com\/newmain\/wp-json\/wp\/v2\/comments?post=6356"}],"wp:featuredmedia":[{"embeddable":true,"href":"https:\/\/saesoteria.com\/newmain\/wp-json\/wp\/v2\/media\/6289"}],"wp:attachment":[{"href":"https:\/\/saesoteria.com\/newmain\/wp-json\/wp\/v2\/media?parent=6356"}],"wp:term":[{"taxonomy":"product_brand","embeddable":true,"href":"https:\/\/saesoteria.com\/newmain\/wp-json\/wp\/v2\/product_brand?post=6356"},{"taxonomy":"product_cat","embeddable":true,"href":"https:\/\/saesoteria.com\/newmain\/wp-json\/wp\/v2\/product_cat?post=6356"},{"taxonomy":"product_tag","embeddable":true,"href":"https:\/\/saesoteria.com\/newmain\/wp-json\/wp\/v2\/product_tag?post=6356"}],"curies":[{"name":"wp","href":"https:\/\/api.w.org\/{rel}","templated":true}]}}