{"id":6354,"date":"2021-09-29T12:19:24","date_gmt":"2021-09-29T12:19:24","guid":{"rendered":"http:\/\/saesoteria.com\/?post_type=product&#038;p=6354"},"modified":"2021-09-29T12:19:56","modified_gmt":"2021-09-29T12:19:56","slug":"syomalla-terveeksi-valitut-palat","status":"publish","type":"product","link":"https:\/\/saesoteria.com\/newmain\/tuote\/syomalla-terveeksi-valitut-palat\/","title":{"rendered":"Sy\u00f6m\u00e4ll\u00e4 terveeksi, Valitut Palat"},"content":{"rendered":"","protected":false},"excerpt":{"rendered":"<p class=\"Standard\" style=\"line-height: 18.0pt;\"><span style=\"font-family: 'Georgia\\, \\'Times New Roman\\'\\, \u027bi'; color: #333333;\">Tekij\u00e4:Valitut Palat<\/span><br \/><span style=\"font-family: 'Georgia\\, \\'Times New Roman\\'\\, \u027bi'; color: #333333;\">Kustantaja:<\/span><br \/><span style=\"font-family: 'Georgia\\, \\'Times New Roman\\'\\, \u027bi'; color: #333333;\">Kieli:suomi<\/span><br \/><span style=\"font-family: 'Georgia\\, \\'Times New Roman\\'\\, \u027bi'; color: #333333;\">Painovuosi:1997<\/span><br \/><span style=\"font-family: 'Georgia\\, \\'Times New Roman\\'\\, \u027bi'; color: #333333;\">Painos:<\/span><br \/><span style=\"font-family: 'Georgia\\, \\'Times New Roman\\'\\, \u027bi'; color: #333333;\">Sivum\u00e4\u00e4r\u00e4:160s.<\/span><br \/><span style=\"font-family: 'Georgia\\, \\'Times New Roman\\'\\, \u027bi'; color: #333333;\">Sidonta:sidottu, kuvakannet<\/span><br \/><span style=\"font-family: 'Georgia\\, \\'Times New Roman\\'\\, \u027bi'; color: #333333;\">Kunto:K3 (K5=uusi, K4=erinomainen, K3=hyv\u00e4, K2=tyydytt\u00e4v\u00e4, K1=kehno)<\/span><\/p>\n","protected":false},"featured_media":6293,"comment_status":"closed","ping_status":"closed","template":"","meta":[],"product_brand":[],"product_cat":[24],"product_tag":[],"class_list":{"0":"post-6354","1":"product","2":"type-product","3":"status-publish","4":"has-post-thumbnail","6":"product_cat-hyvinvointi","8":"first","9":"instock","10":"taxable","11":"shipping-taxable","12":"purchasable","13":"product-type-simple","14":"berocket_lgv_grid","15":"berocket_lgv_list_grid"},"_links":{"self":[{"href":"https:\/\/saesoteria.com\/newmain\/wp-json\/wp\/v2\/product\/6354","targetHints":{"allow":["GET"]}}],"collection":[{"href":"https:\/\/saesoteria.com\/newmain\/wp-json\/wp\/v2\/product"}],"about":[{"href":"https:\/\/saesoteria.com\/newmain\/wp-json\/wp\/v2\/types\/product"}],"replies":[{"embeddable":true,"href":"https:\/\/saesoteria.com\/newmain\/wp-json\/wp\/v2\/comments?post=6354"}],"wp:featuredmedia":[{"embeddable":true,"href":"https:\/\/saesoteria.com\/newmain\/wp-json\/wp\/v2\/media\/6293"}],"wp:attachment":[{"href":"https:\/\/saesoteria.com\/newmain\/wp-json\/wp\/v2\/media?parent=6354"}],"wp:term":[{"taxonomy":"product_brand","embeddable":true,"href":"https:\/\/saesoteria.com\/newmain\/wp-json\/wp\/v2\/product_brand?post=6354"},{"taxonomy":"product_cat","embeddable":true,"href":"https:\/\/saesoteria.com\/newmain\/wp-json\/wp\/v2\/product_cat?post=6354"},{"taxonomy":"product_tag","embeddable":true,"href":"https:\/\/saesoteria.com\/newmain\/wp-json\/wp\/v2\/product_tag?post=6354"}],"curies":[{"name":"wp","href":"https:\/\/api.w.org\/{rel}","templated":true}]}}