{"id":6351,"date":"2021-09-29T10:04:54","date_gmt":"2021-09-29T10:04:54","guid":{"rendered":"http:\/\/saesoteria.com\/?post_type=product&#038;p=6351"},"modified":"2021-09-29T10:05:10","modified_gmt":"2021-09-29T10:05:10","slug":"lattiapaallysteet-rakennusalan-tutkimuskeskus-rtk-oy","status":"publish","type":"product","link":"https:\/\/saesoteria.com\/newmain\/tuote\/lattiapaallysteet-rakennusalan-tutkimuskeskus-rtk-oy\/","title":{"rendered":"Lattiap\u00e4\u00e4llysteet, Rakennusalan tutkimuskeskus RTK Oy"},"content":{"rendered":"","protected":false},"excerpt":{"rendered":"<p>Tekij\u00e4:Rakennusalan tutkimuskeskus RTK Oy<br \/>Kustantaja:Rakentajain Kustannus Oy<br \/>Kieli:suomi<br \/>Painovuosi:1988<br \/>Painos:<br \/>Sivum\u00e4\u00e4r\u00e4:96s.<br \/>Sidonta:nidottu<br \/>Kunto: K4(K5=uusi, K4=erinomainen, K3=hyv\u00e4, K2=tyydytt\u00e4v\u00e4, K1=kehno)<\/p>\n","protected":false},"featured_media":6299,"comment_status":"closed","ping_status":"closed","template":"","meta":[],"product_brand":[],"product_cat":[74],"product_tag":[],"class_list":{"0":"post-6351","1":"product","2":"type-product","3":"status-publish","4":"has-post-thumbnail","6":"product_cat-rakennustekniikka","8":"first","9":"instock","10":"taxable","11":"shipping-taxable","12":"purchasable","13":"product-type-simple","14":"berocket_lgv_grid","15":"berocket_lgv_list_grid"},"_links":{"self":[{"href":"https:\/\/saesoteria.com\/newmain\/wp-json\/wp\/v2\/product\/6351","targetHints":{"allow":["GET"]}}],"collection":[{"href":"https:\/\/saesoteria.com\/newmain\/wp-json\/wp\/v2\/product"}],"about":[{"href":"https:\/\/saesoteria.com\/newmain\/wp-json\/wp\/v2\/types\/product"}],"replies":[{"embeddable":true,"href":"https:\/\/saesoteria.com\/newmain\/wp-json\/wp\/v2\/comments?post=6351"}],"wp:featuredmedia":[{"embeddable":true,"href":"https:\/\/saesoteria.com\/newmain\/wp-json\/wp\/v2\/media\/6299"}],"wp:attachment":[{"href":"https:\/\/saesoteria.com\/newmain\/wp-json\/wp\/v2\/media?parent=6351"}],"wp:term":[{"taxonomy":"product_brand","embeddable":true,"href":"https:\/\/saesoteria.com\/newmain\/wp-json\/wp\/v2\/product_brand?post=6351"},{"taxonomy":"product_cat","embeddable":true,"href":"https:\/\/saesoteria.com\/newmain\/wp-json\/wp\/v2\/product_cat?post=6351"},{"taxonomy":"product_tag","embeddable":true,"href":"https:\/\/saesoteria.com\/newmain\/wp-json\/wp\/v2\/product_tag?post=6351"}],"curies":[{"name":"wp","href":"https:\/\/api.w.org\/{rel}","templated":true}]}}