{"id":6288,"date":"2021-07-20T09:59:03","date_gmt":"2021-07-20T09:59:03","guid":{"rendered":"http:\/\/saesoteria.com\/?post_type=product&#038;p=6288"},"modified":"2021-07-20T10:00:00","modified_gmt":"2021-07-20T10:00:00","slug":"sotaveteraanit-rauhantoissa-vaino-kinnunen-2","status":"publish","type":"product","link":"https:\/\/saesoteria.com\/newmain\/tuote\/sotaveteraanit-rauhantoissa-vaino-kinnunen-2\/","title":{"rendered":"Sotaveteraanit rauhant\u00f6iss\u00e4, V\u00e4in\u00f6 Kinnunen"},"content":{"rendered":"","protected":false},"excerpt":{"rendered":"<p class=\"Standard\" style=\"line-height: 18.0pt;\"><span style=\"font-family: 'Georgia\\, \\'Times New Roman\\'\\, \u027bi'; color: #333333;\">Tekij\u00e4:V\u00e4in\u00f6 Kinnunen<\/span><br \/><span style=\"font-family: 'Georgia\\, \\'Times New Roman\\'\\, \u027bi'; color: #333333;\">Kustantaja:<\/span><br \/><span style=\"font-family: 'Georgia\\, \\'Times New Roman\\'\\, \u027bi'; color: #333333;\">Kieli:suomi<\/span><br \/><span style=\"font-family: 'Georgia\\, \\'Times New Roman\\'\\, \u027bi'; color: #333333;\">Painovuosi:2000<\/span><br \/><span style=\"font-family: 'Georgia\\, \\'Times New Roman\\'\\, \u027bi'; color: #333333;\">Painos:<\/span><br \/><span style=\"font-family: 'Georgia\\, \\'Times New Roman\\'\\, \u027bi'; color: #333333;\">Sivum\u00e4\u00e4r\u00e4:192s.<\/span><br \/><span style=\"font-family: 'Georgia\\, \\'Times New Roman\\'\\, \u027bi'; color: #333333;\">Sidonta:sidottu, kuvakannet<\/span><br \/><span style=\"font-family: 'Georgia\\, \\'Times New Roman\\'\\, \u027bi'; color: #333333;\">Kunto: K4(K5=uusi, K4=erinomainen, K3=hyv\u00e4, K2=tyydytt\u00e4v\u00e4, K1=kehno)<\/span><\/p>\n","protected":false},"featured_media":6321,"comment_status":"closed","ping_status":"closed","template":"","meta":[],"product_brand":[],"product_cat":[74,17],"product_tag":[],"class_list":{"0":"post-6288","1":"product","2":"type-product","3":"status-publish","4":"has-post-thumbnail","6":"product_cat-rakennustekniikka","7":"product_cat-sota","9":"first","10":"instock","11":"taxable","12":"shipping-taxable","13":"purchasable","14":"product-type-simple","15":"berocket_lgv_grid","16":"berocket_lgv_list_grid"},"_links":{"self":[{"href":"https:\/\/saesoteria.com\/newmain\/wp-json\/wp\/v2\/product\/6288","targetHints":{"allow":["GET"]}}],"collection":[{"href":"https:\/\/saesoteria.com\/newmain\/wp-json\/wp\/v2\/product"}],"about":[{"href":"https:\/\/saesoteria.com\/newmain\/wp-json\/wp\/v2\/types\/product"}],"replies":[{"embeddable":true,"href":"https:\/\/saesoteria.com\/newmain\/wp-json\/wp\/v2\/comments?post=6288"}],"wp:featuredmedia":[{"embeddable":true,"href":"https:\/\/saesoteria.com\/newmain\/wp-json\/wp\/v2\/media\/6321"}],"wp:attachment":[{"href":"https:\/\/saesoteria.com\/newmain\/wp-json\/wp\/v2\/media?parent=6288"}],"wp:term":[{"taxonomy":"product_brand","embeddable":true,"href":"https:\/\/saesoteria.com\/newmain\/wp-json\/wp\/v2\/product_brand?post=6288"},{"taxonomy":"product_cat","embeddable":true,"href":"https:\/\/saesoteria.com\/newmain\/wp-json\/wp\/v2\/product_cat?post=6288"},{"taxonomy":"product_tag","embeddable":true,"href":"https:\/\/saesoteria.com\/newmain\/wp-json\/wp\/v2\/product_tag?post=6288"}],"curies":[{"name":"wp","href":"https:\/\/api.w.org\/{rel}","templated":true}]}}