{"id":6283,"date":"2021-07-02T12:45:11","date_gmt":"2021-07-02T12:45:11","guid":{"rendered":"http:\/\/saesoteria.com\/?post_type=product&#038;p=6283"},"modified":"2021-07-02T12:47:04","modified_gmt":"2021-07-02T12:47:04","slug":"metsa-ymparoi-kylaa-erkki-evert-koipijarvi","status":"publish","type":"product","link":"https:\/\/saesoteria.com\/newmain\/tuote\/metsa-ymparoi-kylaa-erkki-evert-koipijarvi\/","title":{"rendered":"Mets\u00e4 ymp\u00e4r\u00f6i kyl\u00e4\u00e4, Erkki Evert Koipij\u00e4rvi"},"content":{"rendered":"","protected":false},"excerpt":{"rendered":"<p>Tekij\u00e4:Erkki Evert Koipij\u00e4rvi<br \/>Kustantaja:Kustantajat Sarmala Oy<br \/>Kieli:suomi<br \/>Painovuosi:2004<br \/>Painos:<br \/>Sivum\u00e4\u00e4r\u00e4:123s.<br \/>Sidonta:sidottu, kuvakannet<br \/>Kunto: K4(K5=uusi, K4=erinomainen, K3=hyv\u00e4, K2=tyydytt\u00e4v\u00e4, K1=kehno)<\/p>\n","protected":false},"featured_media":6212,"comment_status":"closed","ping_status":"closed","template":"","meta":[],"product_brand":[],"product_cat":[45,18],"product_tag":[],"class_list":{"0":"post-6283","1":"product","2":"type-product","3":"status-publish","4":"has-post-thumbnail","6":"product_cat-luonto","7":"product_cat-yhteiskunta","9":"first","10":"instock","11":"taxable","12":"shipping-taxable","13":"purchasable","14":"product-type-simple","15":"berocket_lgv_grid","16":"berocket_lgv_list_grid"},"_links":{"self":[{"href":"https:\/\/saesoteria.com\/newmain\/wp-json\/wp\/v2\/product\/6283","targetHints":{"allow":["GET"]}}],"collection":[{"href":"https:\/\/saesoteria.com\/newmain\/wp-json\/wp\/v2\/product"}],"about":[{"href":"https:\/\/saesoteria.com\/newmain\/wp-json\/wp\/v2\/types\/product"}],"replies":[{"embeddable":true,"href":"https:\/\/saesoteria.com\/newmain\/wp-json\/wp\/v2\/comments?post=6283"}],"wp:featuredmedia":[{"embeddable":true,"href":"https:\/\/saesoteria.com\/newmain\/wp-json\/wp\/v2\/media\/6212"}],"wp:attachment":[{"href":"https:\/\/saesoteria.com\/newmain\/wp-json\/wp\/v2\/media?parent=6283"}],"wp:term":[{"taxonomy":"product_brand","embeddable":true,"href":"https:\/\/saesoteria.com\/newmain\/wp-json\/wp\/v2\/product_brand?post=6283"},{"taxonomy":"product_cat","embeddable":true,"href":"https:\/\/saesoteria.com\/newmain\/wp-json\/wp\/v2\/product_cat?post=6283"},{"taxonomy":"product_tag","embeddable":true,"href":"https:\/\/saesoteria.com\/newmain\/wp-json\/wp\/v2\/product_tag?post=6283"}],"curies":[{"name":"wp","href":"https:\/\/api.w.org\/{rel}","templated":true}]}}