{"id":6251,"date":"2021-05-19T10:27:15","date_gmt":"2021-05-19T10:27:15","guid":{"rendered":"http:\/\/saesoteria.com\/?post_type=product&#038;p=6251"},"modified":"2021-05-19T10:28:30","modified_gmt":"2021-05-19T10:28:30","slug":"liikennelaaketiede-suomen-liikennelaaketieteen-yhdistys-ry","status":"publish","type":"product","link":"https:\/\/saesoteria.com\/newmain\/tuote\/liikennelaaketiede-suomen-liikennelaaketieteen-yhdistys-ry\/","title":{"rendered":"Liikennel\u00e4\u00e4ketiede, Suomen Liikennel\u00e4\u00e4ketieteen Yhdistys Ry"},"content":{"rendered":"","protected":false},"excerpt":{"rendered":"<p>Tekij\u00e4:Suomen Liikennel\u00e4\u00e4ketieteen Yhdistys ry<br \/>Kustantaja:Forssan Kustannus Ky<br \/>Kieli:suomi<br \/>Painovuosi:1991<br \/>Painos:<br \/>Sivum\u00e4\u00e4r\u00e4:209s.<br \/>Sidonta:sidottu, kuvakannet<br \/>Kunto:K4 (K5=uusi, K4=erinomainen, K3=hyv\u00e4, K2=tyydytt\u00e4v\u00e4, K1=kehno)<\/p>\n","protected":false},"featured_media":6243,"comment_status":"closed","ping_status":"closed","template":"","meta":[],"product_brand":[],"product_cat":[7],"product_tag":[],"class_list":{"0":"post-6251","1":"product","2":"type-product","3":"status-publish","4":"has-post-thumbnail","6":"product_cat-oppikirjat","8":"first","9":"instock","10":"taxable","11":"shipping-taxable","12":"purchasable","13":"product-type-simple","14":"berocket_lgv_grid","15":"berocket_lgv_list_grid"},"_links":{"self":[{"href":"https:\/\/saesoteria.com\/newmain\/wp-json\/wp\/v2\/product\/6251","targetHints":{"allow":["GET"]}}],"collection":[{"href":"https:\/\/saesoteria.com\/newmain\/wp-json\/wp\/v2\/product"}],"about":[{"href":"https:\/\/saesoteria.com\/newmain\/wp-json\/wp\/v2\/types\/product"}],"replies":[{"embeddable":true,"href":"https:\/\/saesoteria.com\/newmain\/wp-json\/wp\/v2\/comments?post=6251"}],"wp:featuredmedia":[{"embeddable":true,"href":"https:\/\/saesoteria.com\/newmain\/wp-json\/wp\/v2\/media\/6243"}],"wp:attachment":[{"href":"https:\/\/saesoteria.com\/newmain\/wp-json\/wp\/v2\/media?parent=6251"}],"wp:term":[{"taxonomy":"product_brand","embeddable":true,"href":"https:\/\/saesoteria.com\/newmain\/wp-json\/wp\/v2\/product_brand?post=6251"},{"taxonomy":"product_cat","embeddable":true,"href":"https:\/\/saesoteria.com\/newmain\/wp-json\/wp\/v2\/product_cat?post=6251"},{"taxonomy":"product_tag","embeddable":true,"href":"https:\/\/saesoteria.com\/newmain\/wp-json\/wp\/v2\/product_tag?post=6251"}],"curies":[{"name":"wp","href":"https:\/\/api.w.org\/{rel}","templated":true}]}}