{"id":6194,"date":"2021-04-28T09:17:28","date_gmt":"2021-04-28T09:17:28","guid":{"rendered":"http:\/\/saesoteria.com\/?post_type=product&#038;p=6194"},"modified":"2021-04-28T09:17:55","modified_gmt":"2021-04-28T09:17:55","slug":"itsenaisen-suomen-puolustusvoimat","status":"publish","type":"product","link":"https:\/\/saesoteria.com\/newmain\/tuote\/itsenaisen-suomen-puolustusvoimat\/","title":{"rendered":"Itsen\u00e4isen Suomen Puolustusvoimat"},"content":{"rendered":"","protected":false},"excerpt":{"rendered":"<p class=\"Standard\" style=\"line-height: 18.0pt;\"><span style=\"font-family: 'Georgia\\, \\'Times New Roman\\'\\, \u027bi'; color: #333333;\">Tekij\u00e4:<\/span><br \/><span style=\"font-family: 'Georgia\\, \\'Times New Roman\\'\\, \u027bi'; color: #333333;\">Kustantaja:WSOY<\/span><br \/><span style=\"font-family: 'Georgia\\, \\'Times New Roman\\'\\, \u027bi'; color: #333333;\">Kieli:suomi<\/span><br \/><span style=\"font-family: 'Georgia\\, \\'Times New Roman\\'\\, \u027bi'; color: #333333;\">Painovuosi:1969<\/span><br \/><span style=\"font-family: 'Georgia\\, \\'Times New Roman\\'\\, \u027bi'; color: #333333;\">Painos:<\/span><br \/><span style=\"font-family: 'Georgia\\, \\'Times New Roman\\'\\, \u027bi'; color: #333333;\">Sivum\u00e4\u00e4r\u00e4:295s.<\/span><br \/><span style=\"font-family: 'Georgia\\, \\'Times New Roman\\'\\, \u027bi'; color: #333333;\">Sidonta:sidottu, kuvakannet<\/span><br \/><span style=\"font-family: 'Georgia\\, \\'Times New Roman\\'\\, \u027bi'; color: #333333;\">Kunto:K3 (K5=uusi, K4=erinomainen, K3=hyv\u00e4, K2=tyydytt\u00e4v\u00e4, K1=kehno)<\/span><\/p>\n","protected":false},"featured_media":6135,"comment_status":"closed","ping_status":"closed","template":"","meta":[],"product_brand":[],"product_cat":[17,71,18],"product_tag":[],"class_list":{"0":"post-6194","1":"product","2":"type-product","3":"status-publish","4":"has-post-thumbnail","6":"product_cat-sota","7":"product_cat-tietokirjallisuus","8":"product_cat-yhteiskunta","10":"first","11":"instock","12":"taxable","13":"shipping-taxable","14":"purchasable","15":"product-type-simple","16":"berocket_lgv_grid","17":"berocket_lgv_list_grid"},"_links":{"self":[{"href":"https:\/\/saesoteria.com\/newmain\/wp-json\/wp\/v2\/product\/6194","targetHints":{"allow":["GET"]}}],"collection":[{"href":"https:\/\/saesoteria.com\/newmain\/wp-json\/wp\/v2\/product"}],"about":[{"href":"https:\/\/saesoteria.com\/newmain\/wp-json\/wp\/v2\/types\/product"}],"replies":[{"embeddable":true,"href":"https:\/\/saesoteria.com\/newmain\/wp-json\/wp\/v2\/comments?post=6194"}],"wp:featuredmedia":[{"embeddable":true,"href":"https:\/\/saesoteria.com\/newmain\/wp-json\/wp\/v2\/media\/6135"}],"wp:attachment":[{"href":"https:\/\/saesoteria.com\/newmain\/wp-json\/wp\/v2\/media?parent=6194"}],"wp:term":[{"taxonomy":"product_brand","embeddable":true,"href":"https:\/\/saesoteria.com\/newmain\/wp-json\/wp\/v2\/product_brand?post=6194"},{"taxonomy":"product_cat","embeddable":true,"href":"https:\/\/saesoteria.com\/newmain\/wp-json\/wp\/v2\/product_cat?post=6194"},{"taxonomy":"product_tag","embeddable":true,"href":"https:\/\/saesoteria.com\/newmain\/wp-json\/wp\/v2\/product_tag?post=6194"}],"curies":[{"name":"wp","href":"https:\/\/api.w.org\/{rel}","templated":true}]}}