{"id":6089,"date":"2020-11-22T13:06:52","date_gmt":"2020-11-22T13:06:52","guid":{"rendered":"http:\/\/saesoteria.com\/?post_type=product&#038;p=6089"},"modified":"2020-11-22T13:07:10","modified_gmt":"2020-11-22T13:07:10","slug":"kadonnut-paloauto-sjowall-wahloo","status":"publish","type":"product","link":"https:\/\/saesoteria.com\/newmain\/tuote\/kadonnut-paloauto-sjowall-wahloo\/","title":{"rendered":"Kadonnut Paloauto, Sj\u00f6wall Wahl\u00f6\u00f6"},"content":{"rendered":"","protected":false},"excerpt":{"rendered":"<p>Tekij\u00e4:Sj\u00f6wall Wahl\u00f6\u00f6<br \/>Kustantaja:Karisto<br \/>Kieli:suomi<br \/>Painovuosi:1993<br \/>Painos:<br \/>Sivum\u00e4\u00e4r\u00e4:249s.<br \/>Sidonta:nidottu<br \/>Kunto: K3(K5=uusi, K4=erinomainen, K3=hyv\u00e4, K2=tyydytt\u00e4v\u00e4, K1=kehno)<\/p>\n","protected":false},"featured_media":6066,"comment_status":"closed","ping_status":"closed","template":"","meta":[],"product_brand":[],"product_cat":[14],"product_tag":[],"class_list":{"0":"post-6089","1":"product","2":"type-product","3":"status-publish","4":"has-post-thumbnail","6":"product_cat-rikoskirjallisuus","8":"first","9":"instock","10":"taxable","11":"shipping-taxable","12":"purchasable","13":"product-type-simple","14":"berocket_lgv_grid","15":"berocket_lgv_list_grid"},"_links":{"self":[{"href":"https:\/\/saesoteria.com\/newmain\/wp-json\/wp\/v2\/product\/6089","targetHints":{"allow":["GET"]}}],"collection":[{"href":"https:\/\/saesoteria.com\/newmain\/wp-json\/wp\/v2\/product"}],"about":[{"href":"https:\/\/saesoteria.com\/newmain\/wp-json\/wp\/v2\/types\/product"}],"replies":[{"embeddable":true,"href":"https:\/\/saesoteria.com\/newmain\/wp-json\/wp\/v2\/comments?post=6089"}],"wp:featuredmedia":[{"embeddable":true,"href":"https:\/\/saesoteria.com\/newmain\/wp-json\/wp\/v2\/media\/6066"}],"wp:attachment":[{"href":"https:\/\/saesoteria.com\/newmain\/wp-json\/wp\/v2\/media?parent=6089"}],"wp:term":[{"taxonomy":"product_brand","embeddable":true,"href":"https:\/\/saesoteria.com\/newmain\/wp-json\/wp\/v2\/product_brand?post=6089"},{"taxonomy":"product_cat","embeddable":true,"href":"https:\/\/saesoteria.com\/newmain\/wp-json\/wp\/v2\/product_cat?post=6089"},{"taxonomy":"product_tag","embeddable":true,"href":"https:\/\/saesoteria.com\/newmain\/wp-json\/wp\/v2\/product_tag?post=6089"}],"curies":[{"name":"wp","href":"https:\/\/api.w.org\/{rel}","templated":true}]}}