{"id":5872,"date":"2020-05-28T07:45:57","date_gmt":"2020-05-28T07:45:57","guid":{"rendered":"http:\/\/saesoteria.com\/?post_type=product&#038;p=5872"},"modified":"2020-05-28T07:45:57","modified_gmt":"2020-05-28T07:45:57","slug":"pato-murtuu-kalle-paatalo","status":"publish","type":"product","link":"https:\/\/saesoteria.com\/newmain\/tuote\/pato-murtuu-kalle-paatalo\/","title":{"rendered":"Pato Murtuu, Kalle P\u00e4\u00e4talo"},"content":{"rendered":"","protected":false},"excerpt":{"rendered":"<p><span style=\"color: #333333;\"><span style=\"font-family: Georgia, Times New Roman, Bitstream Charter, Times, serif;\"><span style=\"font-size: medium;\">Tekij\u00e4:Kalle P\u00e4\u00e4talo<\/span><\/span><\/span><br \/>\n<span style=\"color: #333333;\"><span style=\"font-family: Georgia, Times New Roman, Bitstream Charter, Times, serif;\"><span style=\"font-size: medium;\">Kustantaja:Gummerus<\/span><\/span><\/span><br \/>\n<span style=\"color: #333333;\"><span style=\"font-family: Georgia, Times New Roman, Bitstream Charter, Times, serif;\"><span style=\"font-size: medium;\">Kieli:suomi<\/span><\/span><\/span><br \/>\n<span style=\"color: #333333;\"><span style=\"font-family: Georgia, Times New Roman, Bitstream Charter, Times, serif;\"><span style=\"font-size: medium;\">Painovuosi:1994<\/span><\/span><\/span><br \/>\n<span style=\"color: #333333;\"><span style=\"font-family: Georgia, Times New Roman, Bitstream Charter, Times, serif;\"><span style=\"font-size: medium;\">Painos:<\/span><\/span><\/span><br \/>\n<span style=\"color: #333333;\"><span style=\"font-family: Georgia, Times New Roman, Bitstream Charter, Times, serif;\"><span style=\"font-size: medium;\">Sivum\u00e4\u00e4r\u00e4:685s.<\/span><\/span><\/span><br \/>\n<span style=\"color: #333333;\"><span style=\"font-family: Georgia, Times New Roman, Bitstream Charter, Times, serif;\"><span style=\"font-size: medium;\">Sidonta:sidottu, kansipaperit<\/span><\/span><\/span><br \/>\n<span style=\"color: #333333;\"><span style=\"font-family: Georgia, Times New Roman, Bitstream Charter, Times, serif;\"><span style=\"font-size: medium;\">Kunto: K3(K5=uusi, K4=erinomainen, K3=hyv\u00e4, K2=tyydytt\u00e4v\u00e4, K1=kehno)<\/span><\/span><\/span><\/p>\n","protected":false},"featured_media":5889,"comment_status":"closed","ping_status":"closed","template":"","meta":[],"product_brand":[],"product_cat":[12],"product_tag":[],"class_list":{"0":"post-5872","1":"product","2":"type-product","3":"status-publish","4":"has-post-thumbnail","6":"product_cat-kaunokirjallisuus","8":"first","9":"instock","10":"taxable","11":"shipping-taxable","12":"purchasable","13":"product-type-simple","14":"berocket_lgv_grid","15":"berocket_lgv_list_grid"},"_links":{"self":[{"href":"https:\/\/saesoteria.com\/newmain\/wp-json\/wp\/v2\/product\/5872","targetHints":{"allow":["GET"]}}],"collection":[{"href":"https:\/\/saesoteria.com\/newmain\/wp-json\/wp\/v2\/product"}],"about":[{"href":"https:\/\/saesoteria.com\/newmain\/wp-json\/wp\/v2\/types\/product"}],"replies":[{"embeddable":true,"href":"https:\/\/saesoteria.com\/newmain\/wp-json\/wp\/v2\/comments?post=5872"}],"wp:featuredmedia":[{"embeddable":true,"href":"https:\/\/saesoteria.com\/newmain\/wp-json\/wp\/v2\/media\/5889"}],"wp:attachment":[{"href":"https:\/\/saesoteria.com\/newmain\/wp-json\/wp\/v2\/media?parent=5872"}],"wp:term":[{"taxonomy":"product_brand","embeddable":true,"href":"https:\/\/saesoteria.com\/newmain\/wp-json\/wp\/v2\/product_brand?post=5872"},{"taxonomy":"product_cat","embeddable":true,"href":"https:\/\/saesoteria.com\/newmain\/wp-json\/wp\/v2\/product_cat?post=5872"},{"taxonomy":"product_tag","embeddable":true,"href":"https:\/\/saesoteria.com\/newmain\/wp-json\/wp\/v2\/product_tag?post=5872"}],"curies":[{"name":"wp","href":"https:\/\/api.w.org\/{rel}","templated":true}]}}