{"id":5530,"date":"2019-06-30T10:31:11","date_gmt":"2019-06-30T10:31:11","guid":{"rendered":"http:\/\/saesoteria.com\/?post_type=product&#038;p=5530"},"modified":"2019-06-30T10:31:11","modified_gmt":"2019-06-30T10:31:11","slug":"onnea-ja-menestysta-alex-rovira-fernando-trias-de-bes","status":"publish","type":"product","link":"https:\/\/saesoteria.com\/newmain\/tuote\/onnea-ja-menestysta-alex-rovira-fernando-trias-de-bes\/","title":{"rendered":"Onnea ja menestyst\u00e4, Alex Rovira, Fernando Trias de Bes"},"content":{"rendered":"","protected":false},"excerpt":{"rendered":"<p><span style=\"color: #333333;\"><span style=\"font-family: Georgia, Times New Roman, Bitstream Charter, Times, serif;\"><span style=\"font-size: medium;\">Tekij\u00e4:Fernando Tria de Bes, Alex Rovira<\/span><\/span><\/span><br \/>\n<span style=\"color: #333333;\"><span style=\"font-family: Georgia, Times New Roman, Bitstream Charter, Times, serif;\"><span style=\"font-size: medium;\">Kustantaja:Bazar<\/span><\/span><\/span><br \/>\n<span style=\"color: #333333;\"><span style=\"font-family: Georgia, Times New Roman, Bitstream Charter, Times, serif;\"><span style=\"font-size: medium;\">Kieli:suomi<\/span><\/span><\/span><br \/>\n<span style=\"color: #333333;\"><span style=\"font-family: Georgia, Times New Roman, Bitstream Charter, Times, serif;\"><span style=\"font-size: medium;\">Painovuosi:2005<\/span><\/span><\/span><br \/>\n<span style=\"color: #333333;\"><span style=\"font-family: Georgia, Times New Roman, Bitstream Charter, Times, serif;\"><span style=\"font-size: medium;\">Painos:2.p.<\/span><\/span><\/span><br \/>\n<span style=\"color: #333333;\"><span style=\"font-family: Georgia, Times New Roman, Bitstream Charter, Times, serif;\"><span style=\"font-size: medium;\">Sivum\u00e4\u00e4r\u00e4:128s.<\/span><\/span><\/span><br \/>\n<span style=\"color: #333333;\"><span style=\"font-family: Georgia, Times New Roman, Bitstream Charter, Times, serif;\"><span style=\"font-size: medium;\">Sidonta:nidottu<\/span><\/span><\/span><br \/>\n<span style=\"color: #333333;\"><span style=\"font-family: Georgia, Times New Roman, Bitstream Charter, Times, serif;\"><span style=\"font-size: medium;\">Kunto: K4(K5=uusi, K4=erinomainen, K3=hyv\u00e4, K2=tyydytt\u00e4v\u00e4, K1=kehno)<\/span><\/span><\/span><\/p>\n","protected":false},"featured_media":5520,"comment_status":"closed","ping_status":"closed","template":"","meta":[],"product_brand":[],"product_cat":[77,24,22,71],"product_tag":[],"class_list":{"0":"post-5530","1":"product","2":"type-product","3":"status-publish","4":"has-post-thumbnail","6":"product_cat-filosofia","7":"product_cat-hyvinvointi","8":"product_cat-oppaat","9":"product_cat-tietokirjallisuus","11":"first","12":"instock","13":"taxable","14":"shipping-taxable","15":"purchasable","16":"product-type-simple","17":"berocket_lgv_grid","18":"berocket_lgv_list_grid"},"_links":{"self":[{"href":"https:\/\/saesoteria.com\/newmain\/wp-json\/wp\/v2\/product\/5530","targetHints":{"allow":["GET"]}}],"collection":[{"href":"https:\/\/saesoteria.com\/newmain\/wp-json\/wp\/v2\/product"}],"about":[{"href":"https:\/\/saesoteria.com\/newmain\/wp-json\/wp\/v2\/types\/product"}],"replies":[{"embeddable":true,"href":"https:\/\/saesoteria.com\/newmain\/wp-json\/wp\/v2\/comments?post=5530"}],"wp:featuredmedia":[{"embeddable":true,"href":"https:\/\/saesoteria.com\/newmain\/wp-json\/wp\/v2\/media\/5520"}],"wp:attachment":[{"href":"https:\/\/saesoteria.com\/newmain\/wp-json\/wp\/v2\/media?parent=5530"}],"wp:term":[{"taxonomy":"product_brand","embeddable":true,"href":"https:\/\/saesoteria.com\/newmain\/wp-json\/wp\/v2\/product_brand?post=5530"},{"taxonomy":"product_cat","embeddable":true,"href":"https:\/\/saesoteria.com\/newmain\/wp-json\/wp\/v2\/product_cat?post=5530"},{"taxonomy":"product_tag","embeddable":true,"href":"https:\/\/saesoteria.com\/newmain\/wp-json\/wp\/v2\/product_tag?post=5530"}],"curies":[{"name":"wp","href":"https:\/\/api.w.org\/{rel}","templated":true}]}}