{"id":4918,"date":"2017-12-02T10:30:05","date_gmt":"2017-12-02T10:30:05","guid":{"rendered":"http:\/\/saesoteria.com\/?post_type=product&#038;p=4918"},"modified":"2017-12-02T10:30:05","modified_gmt":"2017-12-02T10:30:05","slug":"suomen-kansan-murrekirja-kotikielen-seura-ja-sanakirjasaatio","status":"publish","type":"product","link":"https:\/\/saesoteria.com\/newmain\/tuote\/suomen-kansan-murrekirja-kotikielen-seura-ja-sanakirjasaatio\/","title":{"rendered":"Suomen kansan murrekirja, Kotikielen Seura ja Sanakirjas\u00e4\u00e4ti\u00f6"},"content":{"rendered":"","protected":false},"excerpt":{"rendered":"<p>Tekij\u00e4:Kotikielen seura ja sanakirjas\u00e4\u00e4ti\u00f6<br \/>\nKustantaja:WSOY<br \/>\nKieli:suomi<br \/>\nPainovuosi:1940<br \/>\nPainos:<br \/>\nSivum\u00e4\u00e4r\u00e4:448s.<br \/>\nSidonta:sidottu, ei kansipaperia<br \/>\nKunto:K2+(K5=uusi, K4=erinomainen, K3=hyv\u00e4, K2=tyydytt\u00e4v\u00e4, K1=kehno) <\/p>\n","protected":false},"featured_media":4927,"comment_status":"closed","ping_status":"closed","template":"","meta":[],"product_brand":[],"product_cat":[26],"product_tag":[],"class_list":{"0":"post-4918","1":"product","2":"type-product","3":"status-publish","4":"has-post-thumbnail","6":"product_cat-vanhatietokirjallisuus","8":"first","9":"instock","10":"taxable","11":"shipping-taxable","12":"purchasable","13":"product-type-simple","14":"berocket_lgv_grid","15":"berocket_lgv_list_grid"},"_links":{"self":[{"href":"https:\/\/saesoteria.com\/newmain\/wp-json\/wp\/v2\/product\/4918","targetHints":{"allow":["GET"]}}],"collection":[{"href":"https:\/\/saesoteria.com\/newmain\/wp-json\/wp\/v2\/product"}],"about":[{"href":"https:\/\/saesoteria.com\/newmain\/wp-json\/wp\/v2\/types\/product"}],"replies":[{"embeddable":true,"href":"https:\/\/saesoteria.com\/newmain\/wp-json\/wp\/v2\/comments?post=4918"}],"wp:featuredmedia":[{"embeddable":true,"href":"https:\/\/saesoteria.com\/newmain\/wp-json\/wp\/v2\/media\/4927"}],"wp:attachment":[{"href":"https:\/\/saesoteria.com\/newmain\/wp-json\/wp\/v2\/media?parent=4918"}],"wp:term":[{"taxonomy":"product_brand","embeddable":true,"href":"https:\/\/saesoteria.com\/newmain\/wp-json\/wp\/v2\/product_brand?post=4918"},{"taxonomy":"product_cat","embeddable":true,"href":"https:\/\/saesoteria.com\/newmain\/wp-json\/wp\/v2\/product_cat?post=4918"},{"taxonomy":"product_tag","embeddable":true,"href":"https:\/\/saesoteria.com\/newmain\/wp-json\/wp\/v2\/product_tag?post=4918"}],"curies":[{"name":"wp","href":"https:\/\/api.w.org\/{rel}","templated":true}]}}