{"id":4883,"date":"2017-10-12T08:49:30","date_gmt":"2017-10-12T08:49:30","guid":{"rendered":"http:\/\/saesoteria.com\/?post_type=product&#038;p=4883"},"modified":"2017-10-12T08:49:30","modified_gmt":"2017-10-12T08:49:30","slug":"teknillisen-opiston-fysiikka-mekaanisista-varahtelyisto-ja-aallosta-aanesta-uuno-nurmi","status":"publish","type":"product","link":"https:\/\/saesoteria.com\/newmain\/tuote\/teknillisen-opiston-fysiikka-mekaanisista-varahtelyisto-ja-aallosta-aanesta-uuno-nurmi\/","title":{"rendered":"Teknillisen opiston Fysiikka &#8211; Mekaanisista v\u00e4r\u00e4htelyist\u00f6 ja aallosta, \u00c4\u00e4nest\u00e4 &#8230;, Uuno Nurmi"},"content":{"rendered":"","protected":false},"excerpt":{"rendered":"<p>Tekij\u00e4:Uuno Nurmi<br \/>\nKustantaja:<br \/>\nKieli:suomi<br \/>\nPainovuosi:1961<br \/>\nPainos:<br \/>\nSivum\u00e4\u00e4r\u00e4:95s.<br \/>\nSidonta:nidottu<br \/>\nKunto:K2 (K5=uusi, K4=erinomainen, K3=hyv\u00e4, K2=tyydytt\u00e4v\u00e4, K1=kehno) <\/p>\n","protected":false},"featured_media":4817,"comment_status":"closed","ping_status":"closed","template":"","meta":[],"product_brand":[],"product_cat":[7,26],"product_tag":[],"class_list":{"0":"post-4883","1":"product","2":"type-product","3":"status-publish","4":"has-post-thumbnail","6":"product_cat-oppikirjat","7":"product_cat-vanhatietokirjallisuus","9":"first","10":"instock","11":"taxable","12":"shipping-taxable","13":"purchasable","14":"product-type-simple","15":"berocket_lgv_grid","16":"berocket_lgv_list_grid"},"_links":{"self":[{"href":"https:\/\/saesoteria.com\/newmain\/wp-json\/wp\/v2\/product\/4883","targetHints":{"allow":["GET"]}}],"collection":[{"href":"https:\/\/saesoteria.com\/newmain\/wp-json\/wp\/v2\/product"}],"about":[{"href":"https:\/\/saesoteria.com\/newmain\/wp-json\/wp\/v2\/types\/product"}],"replies":[{"embeddable":true,"href":"https:\/\/saesoteria.com\/newmain\/wp-json\/wp\/v2\/comments?post=4883"}],"wp:featuredmedia":[{"embeddable":true,"href":"https:\/\/saesoteria.com\/newmain\/wp-json\/wp\/v2\/media\/4817"}],"wp:attachment":[{"href":"https:\/\/saesoteria.com\/newmain\/wp-json\/wp\/v2\/media?parent=4883"}],"wp:term":[{"taxonomy":"product_brand","embeddable":true,"href":"https:\/\/saesoteria.com\/newmain\/wp-json\/wp\/v2\/product_brand?post=4883"},{"taxonomy":"product_cat","embeddable":true,"href":"https:\/\/saesoteria.com\/newmain\/wp-json\/wp\/v2\/product_cat?post=4883"},{"taxonomy":"product_tag","embeddable":true,"href":"https:\/\/saesoteria.com\/newmain\/wp-json\/wp\/v2\/product_tag?post=4883"}],"curies":[{"name":"wp","href":"https:\/\/api.w.org\/{rel}","templated":true}]}}