{"id":4876,"date":"2017-10-02T09:08:59","date_gmt":"2017-10-02T09:08:59","guid":{"rendered":"http:\/\/saesoteria.com\/?post_type=product&#038;p=4876"},"modified":"2017-10-02T09:08:59","modified_gmt":"2017-10-02T09:08:59","slug":"tekniikan-taulukkokirja-osa-i-tekniikan-kirja","status":"publish","type":"product","link":"https:\/\/saesoteria.com\/newmain\/tuote\/tekniikan-taulukkokirja-osa-i-tekniikan-kirja\/","title":{"rendered":"Tekniikan Taulukkokirja Osa I, Tekniikan Kirja"},"content":{"rendered":"","protected":false},"excerpt":{"rendered":"<p>Tekij\u00e4:Tekniikan Kirja<br \/>\nKustantaja:Kustannusosakeyhti\u00f6 Tekniikan Kirja Helsinki<br \/>\nKieli:suomi<br \/>\nPainovuosi:1948<br \/>\nPainos:<br \/>\nSivum\u00e4\u00e4r\u00e4:317s.<br \/>\nSidonta:sidottu, ei kansipapereita<br \/>\nKunto:K3(K5=uusi, K4=erinomainen, K3=hyv\u00e4, K2=tyydytt\u00e4v\u00e4, K1=kehno) <\/p>\n","protected":false},"featured_media":4821,"comment_status":"closed","ping_status":"closed","template":"","meta":[],"product_brand":[],"product_cat":[26],"product_tag":[],"class_list":{"0":"post-4876","1":"product","2":"type-product","3":"status-publish","4":"has-post-thumbnail","6":"product_cat-vanhatietokirjallisuus","8":"first","9":"instock","10":"taxable","11":"shipping-taxable","12":"purchasable","13":"product-type-simple","14":"berocket_lgv_grid","15":"berocket_lgv_list_grid"},"_links":{"self":[{"href":"https:\/\/saesoteria.com\/newmain\/wp-json\/wp\/v2\/product\/4876","targetHints":{"allow":["GET"]}}],"collection":[{"href":"https:\/\/saesoteria.com\/newmain\/wp-json\/wp\/v2\/product"}],"about":[{"href":"https:\/\/saesoteria.com\/newmain\/wp-json\/wp\/v2\/types\/product"}],"replies":[{"embeddable":true,"href":"https:\/\/saesoteria.com\/newmain\/wp-json\/wp\/v2\/comments?post=4876"}],"wp:featuredmedia":[{"embeddable":true,"href":"https:\/\/saesoteria.com\/newmain\/wp-json\/wp\/v2\/media\/4821"}],"wp:attachment":[{"href":"https:\/\/saesoteria.com\/newmain\/wp-json\/wp\/v2\/media?parent=4876"}],"wp:term":[{"taxonomy":"product_brand","embeddable":true,"href":"https:\/\/saesoteria.com\/newmain\/wp-json\/wp\/v2\/product_brand?post=4876"},{"taxonomy":"product_cat","embeddable":true,"href":"https:\/\/saesoteria.com\/newmain\/wp-json\/wp\/v2\/product_cat?post=4876"},{"taxonomy":"product_tag","embeddable":true,"href":"https:\/\/saesoteria.com\/newmain\/wp-json\/wp\/v2\/product_tag?post=4876"}],"curies":[{"name":"wp","href":"https:\/\/api.w.org\/{rel}","templated":true}]}}