{"id":4866,"date":"2017-09-18T12:11:37","date_gmt":"2017-09-18T12:11:37","guid":{"rendered":"http:\/\/saesoteria.com\/?post_type=product&#038;p=4866"},"modified":"2017-09-18T12:11:37","modified_gmt":"2017-09-18T12:11:37","slug":"fysiikka-kansanvalistusseuran-luonnontieteellinen-kirjasto-no-7-p-a-heinricius","status":"publish","type":"product","link":"https:\/\/saesoteria.com\/newmain\/tuote\/fysiikka-kansanvalistusseuran-luonnontieteellinen-kirjasto-no-7-p-a-heinricius\/","title":{"rendered":"Fysiikka, Kansanvalistusseuran Luonnontieteellinen Kirjasto no 7, P. A. Heinricius"},"content":{"rendered":"","protected":false},"excerpt":{"rendered":"<p>Tekij\u00e4:P.A.Heinricius<br \/>\nKustantaja:Kansanvalistusseura<br \/>\nKieli:suomi<br \/>\nPainovuosi:1912<br \/>\nPainos:<br \/>\nSivum\u00e4\u00e4r\u00e4:520s.<br \/>\nSidonta:sidottu<br \/>\nKunto:K2 (K5=uusi, K4=erinomainen, K3=hyv\u00e4, K2=tyydytt\u00e4v\u00e4, K1=kehno) <\/p>\n","protected":false},"featured_media":4832,"comment_status":"closed","ping_status":"closed","template":"","meta":[],"product_brand":[],"product_cat":[7,26],"product_tag":[],"class_list":{"0":"post-4866","1":"product","2":"type-product","3":"status-publish","4":"has-post-thumbnail","6":"product_cat-oppikirjat","7":"product_cat-vanhatietokirjallisuus","9":"first","10":"instock","11":"taxable","12":"shipping-taxable","13":"purchasable","14":"product-type-simple","15":"berocket_lgv_grid","16":"berocket_lgv_list_grid"},"_links":{"self":[{"href":"https:\/\/saesoteria.com\/newmain\/wp-json\/wp\/v2\/product\/4866","targetHints":{"allow":["GET"]}}],"collection":[{"href":"https:\/\/saesoteria.com\/newmain\/wp-json\/wp\/v2\/product"}],"about":[{"href":"https:\/\/saesoteria.com\/newmain\/wp-json\/wp\/v2\/types\/product"}],"replies":[{"embeddable":true,"href":"https:\/\/saesoteria.com\/newmain\/wp-json\/wp\/v2\/comments?post=4866"}],"wp:featuredmedia":[{"embeddable":true,"href":"https:\/\/saesoteria.com\/newmain\/wp-json\/wp\/v2\/media\/4832"}],"wp:attachment":[{"href":"https:\/\/saesoteria.com\/newmain\/wp-json\/wp\/v2\/media?parent=4866"}],"wp:term":[{"taxonomy":"product_brand","embeddable":true,"href":"https:\/\/saesoteria.com\/newmain\/wp-json\/wp\/v2\/product_brand?post=4866"},{"taxonomy":"product_cat","embeddable":true,"href":"https:\/\/saesoteria.com\/newmain\/wp-json\/wp\/v2\/product_cat?post=4866"},{"taxonomy":"product_tag","embeddable":true,"href":"https:\/\/saesoteria.com\/newmain\/wp-json\/wp\/v2\/product_tag?post=4866"}],"curies":[{"name":"wp","href":"https:\/\/api.w.org\/{rel}","templated":true}]}}