{"id":4713,"date":"2017-07-21T08:02:26","date_gmt":"2017-07-21T08:02:26","guid":{"rendered":"http:\/\/saesoteria.com\/?post_type=product&#038;p=4713"},"modified":"2017-07-21T08:02:26","modified_gmt":"2017-07-21T08:02:26","slug":"kirje-urheilijalle-alpo-suhonen","status":"publish","type":"product","link":"https:\/\/saesoteria.com\/newmain\/tuote\/kirje-urheilijalle-alpo-suhonen\/","title":{"rendered":"Kirje Urheilijalle, Alpo Suhonen"},"content":{"rendered":"","protected":false},"excerpt":{"rendered":"<p>Tekij\u00e4:Alpo Suhonen<br \/>\nKustantaja:WSOY<br \/>\nKieli:suomi<br \/>\nPainovuosi:2002<br \/>\nPainos:<br \/>\nSivum\u00e4\u00e4r\u00e4:141 s.<br \/>\nSidonta:nidottu<br \/>\nKunto:K4 (K5=uusi, K4=erinomainen, K3=hyv\u00e4, K2=tyydytt\u00e4v\u00e4, K1=kehno) <\/p>\n","protected":false},"featured_media":4709,"comment_status":"closed","ping_status":"closed","template":"","meta":[],"product_brand":[],"product_cat":[71,72],"product_tag":[],"class_list":{"0":"post-4713","1":"product","2":"type-product","3":"status-publish","4":"has-post-thumbnail","6":"product_cat-tietokirjallisuus","7":"product_cat-urheilu","9":"first","10":"instock","11":"taxable","12":"shipping-taxable","13":"purchasable","14":"product-type-simple","15":"berocket_lgv_grid","16":"berocket_lgv_list_grid"},"_links":{"self":[{"href":"https:\/\/saesoteria.com\/newmain\/wp-json\/wp\/v2\/product\/4713","targetHints":{"allow":["GET"]}}],"collection":[{"href":"https:\/\/saesoteria.com\/newmain\/wp-json\/wp\/v2\/product"}],"about":[{"href":"https:\/\/saesoteria.com\/newmain\/wp-json\/wp\/v2\/types\/product"}],"replies":[{"embeddable":true,"href":"https:\/\/saesoteria.com\/newmain\/wp-json\/wp\/v2\/comments?post=4713"}],"wp:featuredmedia":[{"embeddable":true,"href":"https:\/\/saesoteria.com\/newmain\/wp-json\/wp\/v2\/media\/4709"}],"wp:attachment":[{"href":"https:\/\/saesoteria.com\/newmain\/wp-json\/wp\/v2\/media?parent=4713"}],"wp:term":[{"taxonomy":"product_brand","embeddable":true,"href":"https:\/\/saesoteria.com\/newmain\/wp-json\/wp\/v2\/product_brand?post=4713"},{"taxonomy":"product_cat","embeddable":true,"href":"https:\/\/saesoteria.com\/newmain\/wp-json\/wp\/v2\/product_cat?post=4713"},{"taxonomy":"product_tag","embeddable":true,"href":"https:\/\/saesoteria.com\/newmain\/wp-json\/wp\/v2\/product_tag?post=4713"}],"curies":[{"name":"wp","href":"https:\/\/api.w.org\/{rel}","templated":true}]}}