{"id":4410,"date":"2017-04-28T08:36:02","date_gmt":"2017-04-28T08:36:02","guid":{"rendered":"http:\/\/saesoteria.com\/?post_type=product&#038;p=4410"},"modified":"2017-04-28T08:36:02","modified_gmt":"2017-04-28T08:36:02","slug":"a-painted-house-john-grisham","status":"publish","type":"product","link":"https:\/\/saesoteria.com\/newmain\/tuote\/a-painted-house-john-grisham\/","title":{"rendered":"A  Painted House, John Grisham"},"content":{"rendered":"","protected":false},"excerpt":{"rendered":"<p><span style=\"color: #333333;\"><span style=\"font-family: Georgia, 'Times New Roman', 'Bitstream Charter', Times, serif;\"><span style=\"font-size: medium;\">Tekij\u00e4:John Grisham<\/span><\/span><\/span><br \/>\n<span style=\"color: #333333;\"><span style=\"font-family: Georgia, 'Times New Roman', 'Bitstream Charter', Times, serif;\"><span style=\"font-size: medium;\">Kustantaja:Dell Book<\/span><\/span><\/span><br \/>\n<span style=\"color: #333333;\"><span style=\"font-family: Georgia, 'Times New Roman', 'Bitstream Charter', Times, serif;\"><span style=\"font-size: medium;\">Kieli:englanti<\/span><\/span><\/span><br \/>\n<span style=\"color: #333333;\"><span style=\"font-family: Georgia, 'Times New Roman', 'Bitstream Charter', Times, serif;\"><span style=\"font-size: medium;\">Painovuosi:2003<\/span><\/span><\/span><br \/>\n<span style=\"color: #333333;\"><span style=\"font-family: Georgia, 'Times New Roman', 'Bitstream Charter', Times, serif;\"><span style=\"font-size: medium;\">Painos:<\/span><\/span><\/span><br \/>\n<span style=\"color: #333333;\"><span style=\"font-family: Georgia, 'Times New Roman', 'Bitstream Charter', Times, serif;\"><span style=\"font-size: medium;\">Sivum\u00e4\u00e4r\u00e4:465s.<\/span><\/span><\/span><br \/>\n<span style=\"color: #333333;\"><span style=\"font-family: Georgia, 'Times New Roman', 'Bitstream Charter', Times, serif;\"><span style=\"font-size: medium;\">Sidonta:nidottu<\/span><\/span><\/span><br \/>\n<span style=\"color: #333333;\"><span style=\"font-family: Georgia, 'Times New Roman', 'Bitstream Charter', Times, serif;\"><span style=\"font-size: medium;\">Kunto: K4(K5=uusi, K4=erinomainen, K3=hyv\u00e4, K2=tyydytt\u00e4v\u00e4, K1=kehno)<\/span><\/span><\/span><\/p>\n","protected":false},"featured_media":4306,"comment_status":"closed","ping_status":"closed","template":"","meta":[],"product_brand":[],"product_cat":[61,68,12],"product_tag":[],"class_list":{"0":"post-4410","1":"product","2":"type-product","3":"status-publish","4":"has-post-thumbnail","6":"product_cat-englanninkielinen","7":"product_cat-jannitys","8":"product_cat-kaunokirjallisuus","10":"first","11":"instock","12":"taxable","13":"shipping-taxable","14":"purchasable","15":"product-type-simple","16":"berocket_lgv_grid","17":"berocket_lgv_list_grid"},"_links":{"self":[{"href":"https:\/\/saesoteria.com\/newmain\/wp-json\/wp\/v2\/product\/4410","targetHints":{"allow":["GET"]}}],"collection":[{"href":"https:\/\/saesoteria.com\/newmain\/wp-json\/wp\/v2\/product"}],"about":[{"href":"https:\/\/saesoteria.com\/newmain\/wp-json\/wp\/v2\/types\/product"}],"replies":[{"embeddable":true,"href":"https:\/\/saesoteria.com\/newmain\/wp-json\/wp\/v2\/comments?post=4410"}],"wp:featuredmedia":[{"embeddable":true,"href":"https:\/\/saesoteria.com\/newmain\/wp-json\/wp\/v2\/media\/4306"}],"wp:attachment":[{"href":"https:\/\/saesoteria.com\/newmain\/wp-json\/wp\/v2\/media?parent=4410"}],"wp:term":[{"taxonomy":"product_brand","embeddable":true,"href":"https:\/\/saesoteria.com\/newmain\/wp-json\/wp\/v2\/product_brand?post=4410"},{"taxonomy":"product_cat","embeddable":true,"href":"https:\/\/saesoteria.com\/newmain\/wp-json\/wp\/v2\/product_cat?post=4410"},{"taxonomy":"product_tag","embeddable":true,"href":"https:\/\/saesoteria.com\/newmain\/wp-json\/wp\/v2\/product_tag?post=4410"}],"curies":[{"name":"wp","href":"https:\/\/api.w.org\/{rel}","templated":true}]}}