{"id":4375,"date":"2017-04-11T08:42:36","date_gmt":"2017-04-11T08:42:36","guid":{"rendered":"http:\/\/saesoteria.com\/?post_type=product&#038;p=4375"},"modified":"2017-04-11T08:42:36","modified_gmt":"2017-04-11T08:42:36","slug":"the-information-society-and-the-welfare-state-manuel-castells-and-pekka-himanen","status":"publish","type":"product","link":"https:\/\/saesoteria.com\/newmain\/tuote\/the-information-society-and-the-welfare-state-manuel-castells-and-pekka-himanen\/","title":{"rendered":"The Information Society and the Welfare State, Manuel Castells and Pekka Himanen"},"content":{"rendered":"","protected":false},"excerpt":{"rendered":"<p>Tekij\u00e4:Manuel Castells, Pekka Himanen<br \/>\nKustantaja:Oxford University Press<br \/>\nKieli:englanti<br \/>\nPainovuosi: n. 2002<br \/>\nPainos:<br \/>\nSivum\u00e4\u00e4r\u00e4:200s.<br \/>\nSidonta:sidottu, kansipaperit<br \/>\nKunto: K4(K5=uusi, K4=erinomainen, K3=hyv\u00e4, K2=tyydytt\u00e4v\u00e4, K1=kehno)<\/p>\n","protected":false},"featured_media":4345,"comment_status":"closed","ping_status":"closed","template":"","meta":[],"product_brand":[],"product_cat":[61,10,71,15,18],"product_tag":[],"class_list":{"0":"post-4375","1":"product","2":"type-product","3":"status-publish","4":"has-post-thumbnail","6":"product_cat-englanninkielinen","7":"product_cat-liike-elama","8":"product_cat-tietokirjallisuus","9":"product_cat-tietotekniikka","10":"product_cat-yhteiskunta","12":"first","13":"instock","14":"taxable","15":"shipping-taxable","16":"purchasable","17":"product-type-simple","18":"berocket_lgv_grid","19":"berocket_lgv_list_grid"},"_links":{"self":[{"href":"https:\/\/saesoteria.com\/newmain\/wp-json\/wp\/v2\/product\/4375","targetHints":{"allow":["GET"]}}],"collection":[{"href":"https:\/\/saesoteria.com\/newmain\/wp-json\/wp\/v2\/product"}],"about":[{"href":"https:\/\/saesoteria.com\/newmain\/wp-json\/wp\/v2\/types\/product"}],"replies":[{"embeddable":true,"href":"https:\/\/saesoteria.com\/newmain\/wp-json\/wp\/v2\/comments?post=4375"}],"wp:featuredmedia":[{"embeddable":true,"href":"https:\/\/saesoteria.com\/newmain\/wp-json\/wp\/v2\/media\/4345"}],"wp:attachment":[{"href":"https:\/\/saesoteria.com\/newmain\/wp-json\/wp\/v2\/media?parent=4375"}],"wp:term":[{"taxonomy":"product_brand","embeddable":true,"href":"https:\/\/saesoteria.com\/newmain\/wp-json\/wp\/v2\/product_brand?post=4375"},{"taxonomy":"product_cat","embeddable":true,"href":"https:\/\/saesoteria.com\/newmain\/wp-json\/wp\/v2\/product_cat?post=4375"},{"taxonomy":"product_tag","embeddable":true,"href":"https:\/\/saesoteria.com\/newmain\/wp-json\/wp\/v2\/product_tag?post=4375"}],"curies":[{"name":"wp","href":"https:\/\/api.w.org\/{rel}","templated":true}]}}