{"id":4297,"date":"2017-03-31T08:14:50","date_gmt":"2017-03-31T08:14:50","guid":{"rendered":"http:\/\/saesoteria.com\/?post_type=product&#038;p=4297"},"modified":"2017-03-31T08:14:50","modified_gmt":"2017-03-31T08:14:50","slug":"uusi-elama-danielle-steel","status":"publish","type":"product","link":"https:\/\/saesoteria.com\/newmain\/tuote\/uusi-elama-danielle-steel\/","title":{"rendered":"Uusi el\u00e4m\u00e4, Danielle Steel"},"content":{"rendered":"","protected":false},"excerpt":{"rendered":"<p>Tekij\u00e4:Danielle Steel<br \/>\nKustantaja:WSOY<br \/>\nKieli:suomi<br \/>\nPainovuosi:2001<br \/>\nPainos:2.p.<br \/>\nSivum\u00e4\u00e4r\u00e4:236s.<br \/>\nSidonta:sidottu, kansipaperit<br \/>\nKunto: K3+(K5=uusi, K4=erinomainen, K3=hyv\u00e4, K2=tyydytt\u00e4v\u00e4, K1=kehno) <\/p>\n","protected":false},"featured_media":4199,"comment_status":"closed","ping_status":"closed","template":"","meta":[],"product_brand":[],"product_cat":[12,70],"product_tag":[],"class_list":{"0":"post-4297","1":"product","2":"type-product","3":"status-publish","4":"has-post-thumbnail","6":"product_cat-kaunokirjallisuus","7":"product_cat-romantiikka-kirjat","9":"first","10":"instock","11":"taxable","12":"shipping-taxable","13":"purchasable","14":"product-type-simple","15":"berocket_lgv_grid","16":"berocket_lgv_list_grid"},"_links":{"self":[{"href":"https:\/\/saesoteria.com\/newmain\/wp-json\/wp\/v2\/product\/4297","targetHints":{"allow":["GET"]}}],"collection":[{"href":"https:\/\/saesoteria.com\/newmain\/wp-json\/wp\/v2\/product"}],"about":[{"href":"https:\/\/saesoteria.com\/newmain\/wp-json\/wp\/v2\/types\/product"}],"replies":[{"embeddable":true,"href":"https:\/\/saesoteria.com\/newmain\/wp-json\/wp\/v2\/comments?post=4297"}],"wp:featuredmedia":[{"embeddable":true,"href":"https:\/\/saesoteria.com\/newmain\/wp-json\/wp\/v2\/media\/4199"}],"wp:attachment":[{"href":"https:\/\/saesoteria.com\/newmain\/wp-json\/wp\/v2\/media?parent=4297"}],"wp:term":[{"taxonomy":"product_brand","embeddable":true,"href":"https:\/\/saesoteria.com\/newmain\/wp-json\/wp\/v2\/product_brand?post=4297"},{"taxonomy":"product_cat","embeddable":true,"href":"https:\/\/saesoteria.com\/newmain\/wp-json\/wp\/v2\/product_cat?post=4297"},{"taxonomy":"product_tag","embeddable":true,"href":"https:\/\/saesoteria.com\/newmain\/wp-json\/wp\/v2\/product_tag?post=4297"}],"curies":[{"name":"wp","href":"https:\/\/api.w.org\/{rel}","templated":true}]}}