{"id":3161,"date":"2016-07-27T09:42:04","date_gmt":"2016-07-27T09:42:04","guid":{"rendered":"http:\/\/saesoteria.com\/?post_type=product&#038;p=3161"},"modified":"2016-08-01T10:41:17","modified_gmt":"2016-08-01T10:41:17","slug":"bruce-springsteen-pomon-tarina-1972-2004-dave-marsh","status":"publish","type":"product","link":"https:\/\/saesoteria.com\/newmain\/tuote\/bruce-springsteen-pomon-tarina-1972-2004-dave-marsh\/","title":{"rendered":"Bruce Springsteen- Pomon tarina &#8211; 1972-2004, Dave Marsh"},"content":{"rendered":"","protected":false},"excerpt":{"rendered":"<p>Tekij\u00e4:Dave Marsh<br \/>\nTuoteryhm\u00e4:<br \/>\nKustantaja:LIKE<br \/>\nKieli:suomi<br \/>\nPainovuosi:2004<br \/>\nPainos:<br \/>\nSivum\u00e4\u00e4r\u00e4:670s.<br \/>\nSidonta:sidottu, kansipaperit<br \/>\nKunto: K3(K5=uusi, K4=erinomainen, K3=hyv\u00e4, K2=tyydytt\u00e4v\u00e4, K1=kehno)<\/p>\n","protected":false},"featured_media":3107,"comment_status":"closed","ping_status":"closed","template":"","meta":[],"product_brand":[],"product_cat":[16,27,71],"product_tag":[],"class_list":{"0":"post-3161","1":"product","2":"type-product","3":"status-publish","4":"has-post-thumbnail","6":"product_cat-elamakerta","7":"product_cat-taide","8":"product_cat-tietokirjallisuus","10":"first","11":"instock","12":"taxable","13":"shipping-taxable","14":"purchasable","15":"product-type-simple","16":"berocket_lgv_grid","17":"berocket_lgv_list_grid"},"_links":{"self":[{"href":"https:\/\/saesoteria.com\/newmain\/wp-json\/wp\/v2\/product\/3161","targetHints":{"allow":["GET"]}}],"collection":[{"href":"https:\/\/saesoteria.com\/newmain\/wp-json\/wp\/v2\/product"}],"about":[{"href":"https:\/\/saesoteria.com\/newmain\/wp-json\/wp\/v2\/types\/product"}],"replies":[{"embeddable":true,"href":"https:\/\/saesoteria.com\/newmain\/wp-json\/wp\/v2\/comments?post=3161"}],"wp:featuredmedia":[{"embeddable":true,"href":"https:\/\/saesoteria.com\/newmain\/wp-json\/wp\/v2\/media\/3107"}],"wp:attachment":[{"href":"https:\/\/saesoteria.com\/newmain\/wp-json\/wp\/v2\/media?parent=3161"}],"wp:term":[{"taxonomy":"product_brand","embeddable":true,"href":"https:\/\/saesoteria.com\/newmain\/wp-json\/wp\/v2\/product_brand?post=3161"},{"taxonomy":"product_cat","embeddable":true,"href":"https:\/\/saesoteria.com\/newmain\/wp-json\/wp\/v2\/product_cat?post=3161"},{"taxonomy":"product_tag","embeddable":true,"href":"https:\/\/saesoteria.com\/newmain\/wp-json\/wp\/v2\/product_tag?post=3161"}],"curies":[{"name":"wp","href":"https:\/\/api.w.org\/{rel}","templated":true}]}}