{"id":2977,"date":"2016-06-09T09:06:20","date_gmt":"2016-06-09T09:06:20","guid":{"rendered":"http:\/\/saesoteria.com\/?post_type=product&#038;p=2977"},"modified":"2016-06-09T09:06:20","modified_gmt":"2016-06-09T09:06:20","slug":"johanneksen-kirkko-100-vuotta-1981-1991-heikki-nuutinen","status":"publish","type":"product","link":"https:\/\/saesoteria.com\/newmain\/tuote\/johanneksen-kirkko-100-vuotta-1981-1991-heikki-nuutinen\/","title":{"rendered":"Johanneksen Kirkko &#8211; 100 vuotta 1981-1991, Heikki Nuutinen"},"content":{"rendered":"","protected":false},"excerpt":{"rendered":"<p>Tekij\u00e4:Heikki Nuutinen<br \/>\nTuoteryhm\u00e4:<br \/>\nKustantaja:Rakentajain kustannus Oy<br \/>\nKieli:suomi<br \/>\nPainovuosi:1991<br \/>\nPainos:2.p.<br \/>\nSivum\u00e4\u00e4r\u00e4:83s.<br \/>\nSidonta:nidottu<br \/>\nKunto: K3(K5=uusi, K4=erinomainen, K3=hyv\u00e4, K2=tyydytt\u00e4v\u00e4, K1=kehno) <\/p>\n","protected":false},"featured_media":2950,"comment_status":"closed","ping_status":"closed","template":"","meta":[],"product_brand":[],"product_cat":[19,74,71,75],"product_tag":[],"class_list":{"0":"post-2977","1":"product","2":"type-product","3":"status-publish","4":"has-post-thumbnail","6":"product_cat-historia","7":"product_cat-rakennustekniikka","8":"product_cat-tietokirjallisuus","9":"product_cat-uskonto","11":"first","12":"instock","13":"taxable","14":"shipping-taxable","15":"purchasable","16":"product-type-simple","17":"berocket_lgv_grid","18":"berocket_lgv_list_grid"},"_links":{"self":[{"href":"https:\/\/saesoteria.com\/newmain\/wp-json\/wp\/v2\/product\/2977","targetHints":{"allow":["GET"]}}],"collection":[{"href":"https:\/\/saesoteria.com\/newmain\/wp-json\/wp\/v2\/product"}],"about":[{"href":"https:\/\/saesoteria.com\/newmain\/wp-json\/wp\/v2\/types\/product"}],"replies":[{"embeddable":true,"href":"https:\/\/saesoteria.com\/newmain\/wp-json\/wp\/v2\/comments?post=2977"}],"wp:featuredmedia":[{"embeddable":true,"href":"https:\/\/saesoteria.com\/newmain\/wp-json\/wp\/v2\/media\/2950"}],"wp:attachment":[{"href":"https:\/\/saesoteria.com\/newmain\/wp-json\/wp\/v2\/media?parent=2977"}],"wp:term":[{"taxonomy":"product_brand","embeddable":true,"href":"https:\/\/saesoteria.com\/newmain\/wp-json\/wp\/v2\/product_brand?post=2977"},{"taxonomy":"product_cat","embeddable":true,"href":"https:\/\/saesoteria.com\/newmain\/wp-json\/wp\/v2\/product_cat?post=2977"},{"taxonomy":"product_tag","embeddable":true,"href":"https:\/\/saesoteria.com\/newmain\/wp-json\/wp\/v2\/product_tag?post=2977"}],"curies":[{"name":"wp","href":"https:\/\/api.w.org\/{rel}","templated":true}]}}