{"id":2514,"date":"2016-03-29T10:40:14","date_gmt":"2016-03-29T10:40:14","guid":{"rendered":"http:\/\/saesoteria.com\/?post_type=product&#038;p=2514"},"modified":"2016-03-29T10:40:14","modified_gmt":"2016-03-29T10:40:14","slug":"juhani-vakeva-erkki-raikkonen","status":"publish","type":"product","link":"https:\/\/saesoteria.com\/newmain\/tuote\/juhani-vakeva-erkki-raikkonen\/","title":{"rendered":"Juhani V\u00e4kev\u00e4, Erkki R\u00e4ikk\u00f6nen"},"content":{"rendered":"","protected":false},"excerpt":{"rendered":"<p>Tekij\u00e4:Erkki R\u00e4ikk\u00f6nen<br \/>\nTuoteryhm\u00e4:<br \/>\nKustantaja:Weilin+G\u00f6\u00f6s<br \/>\nKieli:suomi<br \/>\nPainovuosi:1983<br \/>\nPainos:<br \/>\nSivum\u00e4\u00e4r\u00e4:222s.<br \/>\nSidonta:sidottu, kansipaperit<br \/>\nKunto:K4 (K5=uusi, K4=erinomainen, K3=hyv\u00e4, K2=tyydytt\u00e4v\u00e4, K1=kehno) <\/p>\n","protected":false},"featured_media":2504,"comment_status":"closed","ping_status":"closed","template":"","meta":[],"product_brand":[],"product_cat":[12],"product_tag":[],"class_list":{"0":"post-2514","1":"product","2":"type-product","3":"status-publish","4":"has-post-thumbnail","6":"product_cat-kaunokirjallisuus","8":"first","9":"instock","10":"taxable","11":"shipping-taxable","12":"purchasable","13":"product-type-simple","14":"berocket_lgv_grid","15":"berocket_lgv_list_grid"},"_links":{"self":[{"href":"https:\/\/saesoteria.com\/newmain\/wp-json\/wp\/v2\/product\/2514","targetHints":{"allow":["GET"]}}],"collection":[{"href":"https:\/\/saesoteria.com\/newmain\/wp-json\/wp\/v2\/product"}],"about":[{"href":"https:\/\/saesoteria.com\/newmain\/wp-json\/wp\/v2\/types\/product"}],"replies":[{"embeddable":true,"href":"https:\/\/saesoteria.com\/newmain\/wp-json\/wp\/v2\/comments?post=2514"}],"wp:featuredmedia":[{"embeddable":true,"href":"https:\/\/saesoteria.com\/newmain\/wp-json\/wp\/v2\/media\/2504"}],"wp:attachment":[{"href":"https:\/\/saesoteria.com\/newmain\/wp-json\/wp\/v2\/media?parent=2514"}],"wp:term":[{"taxonomy":"product_brand","embeddable":true,"href":"https:\/\/saesoteria.com\/newmain\/wp-json\/wp\/v2\/product_brand?post=2514"},{"taxonomy":"product_cat","embeddable":true,"href":"https:\/\/saesoteria.com\/newmain\/wp-json\/wp\/v2\/product_cat?post=2514"},{"taxonomy":"product_tag","embeddable":true,"href":"https:\/\/saesoteria.com\/newmain\/wp-json\/wp\/v2\/product_tag?post=2514"}],"curies":[{"name":"wp","href":"https:\/\/api.w.org\/{rel}","templated":true}]}}