{"id":2410,"date":"2016-03-22T10:06:24","date_gmt":"2016-03-22T10:06:24","guid":{"rendered":"http:\/\/saesoteria.com\/?post_type=product&#038;p=2410"},"modified":"2016-03-22T10:06:24","modified_gmt":"2016-03-22T10:06:24","slug":"hymyjen-kirja-valikoima-suomalaista-huumoria-vuosisadan-vaihteesta-1940-luvulle-kaarlo-marjanen-ja-ensio-rislakki","status":"publish","type":"product","link":"https:\/\/saesoteria.com\/newmain\/tuote\/hymyjen-kirja-valikoima-suomalaista-huumoria-vuosisadan-vaihteesta-1940-luvulle-kaarlo-marjanen-ja-ensio-rislakki\/","title":{"rendered":"Hymyjen Kirja, Valikoima suomalaista huumoria vuosisadan vaihteesta 1940-luvulle, Kaarlo Marjanen ja Ensio Rislakki"},"content":{"rendered":"","protected":false},"excerpt":{"rendered":"<p>Tekij\u00e4:Kaarlo Marjanen ja Ensio Rislakki<br \/>\nTuoteryhm\u00e4:<br \/>\nKustantaja:Otava<br \/>\nKieli:suomi<br \/>\nPainovuosi:1944<br \/>\nPainos:2. painos<br \/>\nSivum\u00e4\u00e4r\u00e4:564s.<br \/>\nSidonta:sidottu<br \/>\nKunto: K2(K5=uusi, K4=erinomainen, K3=hyv\u00e4, K2=tyydytt\u00e4v\u00e4, K1=kehno) <\/p>\n","protected":false},"featured_media":2394,"comment_status":"closed","ping_status":"closed","template":"","meta":[],"product_brand":[],"product_cat":[19,27,26,18],"product_tag":[],"class_list":{"0":"post-2410","1":"product","2":"type-product","3":"status-publish","4":"has-post-thumbnail","6":"product_cat-historia","7":"product_cat-taide","8":"product_cat-vanhatietokirjallisuus","9":"product_cat-yhteiskunta","11":"first","12":"instock","13":"taxable","14":"shipping-taxable","15":"purchasable","16":"product-type-simple","17":"berocket_lgv_grid","18":"berocket_lgv_list_grid"},"_links":{"self":[{"href":"https:\/\/saesoteria.com\/newmain\/wp-json\/wp\/v2\/product\/2410","targetHints":{"allow":["GET"]}}],"collection":[{"href":"https:\/\/saesoteria.com\/newmain\/wp-json\/wp\/v2\/product"}],"about":[{"href":"https:\/\/saesoteria.com\/newmain\/wp-json\/wp\/v2\/types\/product"}],"replies":[{"embeddable":true,"href":"https:\/\/saesoteria.com\/newmain\/wp-json\/wp\/v2\/comments?post=2410"}],"wp:featuredmedia":[{"embeddable":true,"href":"https:\/\/saesoteria.com\/newmain\/wp-json\/wp\/v2\/media\/2394"}],"wp:attachment":[{"href":"https:\/\/saesoteria.com\/newmain\/wp-json\/wp\/v2\/media?parent=2410"}],"wp:term":[{"taxonomy":"product_brand","embeddable":true,"href":"https:\/\/saesoteria.com\/newmain\/wp-json\/wp\/v2\/product_brand?post=2410"},{"taxonomy":"product_cat","embeddable":true,"href":"https:\/\/saesoteria.com\/newmain\/wp-json\/wp\/v2\/product_cat?post=2410"},{"taxonomy":"product_tag","embeddable":true,"href":"https:\/\/saesoteria.com\/newmain\/wp-json\/wp\/v2\/product_tag?post=2410"}],"curies":[{"name":"wp","href":"https:\/\/api.w.org\/{rel}","templated":true}]}}