{"id":1747,"date":"2016-01-09T12:00:04","date_gmt":"2016-01-09T12:00:04","guid":{"rendered":"http:\/\/saesoteria.com\/?post_type=product&#038;p=1747"},"modified":"2016-01-09T12:00:40","modified_gmt":"2016-01-09T12:00:40","slug":"fall-of-the-multiverse-samuli-aalto","status":"publish","type":"product","link":"https:\/\/saesoteria.com\/newmain\/tuote\/fall-of-the-multiverse-samuli-aalto\/","title":{"rendered":"Fall of the Multiverse, Samuli Aalto"},"content":{"rendered":"","protected":false},"excerpt":{"rendered":"<p>Tekij\u00e4: Samuli Aalto<br \/>\nTuoteryhm\u00e4:<br \/>\nKustantaja: Books on Demand<br \/>\nKieli: englanti<br \/>\nPainovuosi: 2012<br \/>\nPainos:<br \/>\nSivum\u00e4\u00e4r\u00e4: 124s.<br \/>\nSidonta: nidottu<br \/>\nKunto: K5 (K5=uusi, K4=erinomainen, K3=hyv\u00e4, K2=tyydytt\u00e4v\u00e4, K1=kehno) <\/p>\n","protected":false},"featured_media":1748,"comment_status":"closed","ping_status":"closed","template":"","meta":[],"product_brand":[],"product_cat":[9,12,23],"product_tag":[],"class_list":{"0":"post-1747","1":"product","2":"type-product","3":"status-publish","4":"has-post-thumbnail","6":"product_cat-hengellisyys","7":"product_cat-kaunokirjallisuus","8":"product_cat-mieli","10":"first","11":"instock","12":"taxable","13":"shipping-taxable","14":"purchasable","15":"product-type-simple","16":"berocket_lgv_grid","17":"berocket_lgv_list_grid"},"_links":{"self":[{"href":"https:\/\/saesoteria.com\/newmain\/wp-json\/wp\/v2\/product\/1747","targetHints":{"allow":["GET"]}}],"collection":[{"href":"https:\/\/saesoteria.com\/newmain\/wp-json\/wp\/v2\/product"}],"about":[{"href":"https:\/\/saesoteria.com\/newmain\/wp-json\/wp\/v2\/types\/product"}],"replies":[{"embeddable":true,"href":"https:\/\/saesoteria.com\/newmain\/wp-json\/wp\/v2\/comments?post=1747"}],"wp:featuredmedia":[{"embeddable":true,"href":"https:\/\/saesoteria.com\/newmain\/wp-json\/wp\/v2\/media\/1748"}],"wp:attachment":[{"href":"https:\/\/saesoteria.com\/newmain\/wp-json\/wp\/v2\/media?parent=1747"}],"wp:term":[{"taxonomy":"product_brand","embeddable":true,"href":"https:\/\/saesoteria.com\/newmain\/wp-json\/wp\/v2\/product_brand?post=1747"},{"taxonomy":"product_cat","embeddable":true,"href":"https:\/\/saesoteria.com\/newmain\/wp-json\/wp\/v2\/product_cat?post=1747"},{"taxonomy":"product_tag","embeddable":true,"href":"https:\/\/saesoteria.com\/newmain\/wp-json\/wp\/v2\/product_tag?post=1747"}],"curies":[{"name":"wp","href":"https:\/\/api.w.org\/{rel}","templated":true}]}}